{"id":10,"date":"2016-02-29T17:05:28","date_gmt":"2016-02-29T16:05:28","guid":{"rendered":"http:\/\/www.aptitude-informatique.fr\/?page_id=10"},"modified":"2021-09-08T11:16:11","modified_gmt":"2021-09-08T10:16:11","slug":"mentions-legale","status":"publish","type":"page","link":"https:\/\/www.aptitude-informatique.fr\/index.php\/mentions-legale\/","title":{"rendered":"Mentions L\u00e9gale"},"content":{"rendered":"<div id=\"fondsite\">\n<H2>Informations \u00e9diteur <\/H2><br \/>\n<strong>Ce site est \u00e9dit\u00e9 par la soci\u00e9t\u00e9 Aptitude informatique<br \/>\n<\/strong>Directeur de la publication :\u00a0Yann LE GOC<br \/>\nResponsable de la r\u00e9daction : Yann LE GOC<br \/>\nResponsable du traitement (des donn\u00e9es personnelles) : Yann LE GOC<\/p>\n<p><strong>Le site <a href=\"http:\/\/www.aptitude-informatique.fr\/index.php?id=1\">www.aptitude-informatique.fr<\/a> est h\u00e9berg\u00e9 par : <\/strong><\/p>\n<p>OVH<br \/>\nSi\u00e8ge social : 140 Quai du Sartel &#8211; 59100 Roubaix &#8211; France.<br \/>\nSAS au capital de 500 k\u20ac RCS Roubaix \u2013 Tourcoing 424 761 419 00011 \u2013 Code APE 721Z &#8211; N\u00b0 TVA : FR 22-424-761-419-00011<\/p>\n<h2>Droits d&rsquo;auteur &#8211; Copyright &#8211; Droits de marque &#8211; Liens\u00a0\u00a0<\/h2>\n<h3>Droits d&rsquo;auteur<\/h3>\n<p>La reproduction ou la repr\u00e9sentation en tout ou partie des \u00e9l\u00e9ments se trouvant sur le site est strictement interdite.<br \/>\nLes droits de reproduction et de repr\u00e9sentation de l&rsquo;ensemble des \u0153uvres repr\u00e9sent\u00e9es sur le site sont strictement r\u00e9serv\u00e9s.<br \/>\nEn cons\u00e9quence, la reproduction et la repr\u00e9sentation de tout ou partie de ce site, sur quelque support que ce soit, est formellement interdite sauf autorisation \u00e9crite expresse du responsable de la publication. Les documents ne peuvent faire l&rsquo;objet de copies qu&rsquo;\u00e0 titre d&rsquo;information, la copie \u00e9tant r\u00e9serv\u00e9e au seul usage priv\u00e9.<\/p>\n<p><strong>La cr\u00e9ation de liens vers le site <\/strong><a href=\"http:\/\/www.aptitude-informatique.fr\/index.php?id=1\"><strong>www.aptitude-informatique.fr<\/strong><\/a><br \/>\nLe site <a href=\"http:\/\/www.aptitude-informatique.fr\/index.php?id=1\"><strong>www.aptitude-informatique.fr<\/strong><\/a>\u00a0autorise la mise en place d\u2019un lien hypertexte pointant vers son contenu, sous r\u00e9serve de :<br \/>\nne pas utiliser la technique du lien profond (\u00ab\u00a0deep linking\u00a0\u00bb), c&rsquo;est-\u00e0-dire que les pages du site <a href=\"http:\/\/www.aptitude-informatique.fr\/index.php?id=1\"><strong>www.aptitude-informatique.fr<\/strong><\/a> ne doivent pas \u00eatre imbriqu\u00e9es \u00e0 l&rsquo;int\u00e9rieur des pages d&rsquo;un autre site, mais accessible par l\u2019ouverture d\u2019une fen\u00eatre ; <a href=\"http:\/\/www.aptitude-informatique.fr\/index.php?id=1\"><strong>www.aptitude-informatique.fr<\/strong><\/a><br \/>\nmentionner la source\u00a0 <a href=\"http:\/\/www.aptitude-informatique.fr\/index.php?id=1\"><strong>www.aptitude-informatique.fr<\/strong><\/a><strong>\u00a0 <\/strong>du contenu vis\u00e9.<br \/>\nCette autorisation ne s\u2019applique pas aux sites Internet diffusant des informations \u00e0 caract\u00e8re pol\u00e9mique, pornographique, x\u00e9nophobe ou pouvant, dans une plus large mesure, porter atteinte \u00e0 la sensibilit\u00e9 du plus grand nombre ou \u00e0 l&rsquo;ordre public.<\/p>\n<h3>Responsabilit\u00e9 de l&rsquo;Editeur du site<\/h3>\n<p>La soci\u00e9t\u00e9\u00a0Aptitude Informatique\u00a0met \u00e0 la disposition des internautes des informations dont elle fait ses meilleurs efforts pour assurer l&rsquo;exactitude au moment de leur mise en ligne. La soci\u00e9t\u00e9 Aptitude Informatique ne saurait en aucun cas \u00eatre tenue responsable des \u00e9ventuels pr\u00e9judices li\u00e9s \u00e0 la consultation de ces informations. La soci\u00e9t\u00e9 Aptitude Informatique se r\u00e9serve le droit de modifier, corriger ou supprimer le contenu du site.<br \/>\nLa soci\u00e9t\u00e9\u00a0Aptitude Informatique\u00a0ne saurait \u00eatre tenue responsable de l&rsquo;utilisation qui serait faite par les internautes des informations contenues dans le site. Des liens hypertextes pr\u00e9sents sur le site\u00a0 <a href=\"http:\/\/www.aptitude-informatique.fr\/index.php?id=1\"><strong>www.aptitude-informatique.fr<\/strong><\/a> permettent l&rsquo;acc\u00e8s \u00e0 d&rsquo;autres sites sur lesquels La soci\u00e9t\u00e9 Aptitude Informatique n&rsquo;exerce aucun contr\u00f4le. La responsabilit\u00e9 de La soci\u00e9t\u00e9 Aptitude Informatique ne saurait en aucun cas \u00eatre engag\u00e9e en cas de pr\u00e9judice caus\u00e9 par le contenu d&rsquo;un ou plusieurs des sites rattach\u00e9s par un lien hypertexte. Il appartient aux internautes de prendre toutes les mesures appropri\u00e9es pour la protection de leur mat\u00e9riel, donn\u00e9es ou logiciel informatiques notamment contre les virus informatiques circulant sur le r\u00e9seau. La soci\u00e9t\u00e9 Aptitude Informatique ne saurait en aucun cas \u00eatre tenue responsable des dommages caus\u00e9s par un virus lors de la connexion \u00e0 son site. La soci\u00e9t\u00e9 Aptitude Informatique d\u00e9cline toute responsabilit\u00e9 pour les difficult\u00e9s rencontr\u00e9es lors de l&rsquo;acc\u00e8s \u00e0 son site ou pour toute d\u00e9faillance de communication.<\/p>\n<h3>Gestion des donn\u00e9es personnelles.<\/h3>\n<p>En France, les donn\u00e9es personnelles sont notamment prot\u00e9g\u00e9es par la loi n\u00b0 78-87 du 6 janvier 1978, la loi n\u00b0 2004-801 du 6 ao\u00fbt 2004, l\u2019article L. 226-13 du Code p\u00e9nal et la Directive Europ\u00e9enne du 24 octobre 1995.<br \/>\nA l\u2019occasion de l\u2019utilisation du site <a href=\"http:\/\/www.aptitude-informatique.fr\/index.php?id=1\"><strong>www.aptitude-informatique.fr<\/strong><\/a>, peuvent \u00eatre recueillies : l\u2019URL des liens par l\u2019interm\u00e9diaire desquels, l\u2019utilisateur a acc\u00e9d\u00e9 au site <a href=\"http:\/\/www.aptitude-informatique.fr\/index.php?id=1\"><strong>www.aptitude-informatique.fr<\/strong><\/a>, le fournisseur d\u2019acc\u00e8s de l\u2019utilisateur, l\u2019adresse de protocole Internet (IP) de l\u2019utilisateur.<br \/>\nEn tout \u00e9tat de cause Les Sommeliers Cavistes \u2013 ne collecte des informations personnelles relatives \u00e0 l\u2019utilisateur que pour le besoin de certains services propos\u00e9s par le site <a href=\"http:\/\/www.aptitude-informatique.fr\/index.php?id=1\"><strong>www.aptitude-informatique.fr<\/strong><\/a>.<br \/>\nL\u2019utilisateur fournit ces informations en toute connaissance de cause, notamment lorsqu\u2019il proc\u00e8de par lui-m\u00eame \u00e0 leur saisie. Il est alors pr\u00e9cis\u00e9 \u00e0 l\u2019utilisateur du site <a href=\"http:\/\/www.aptitude-informatique.fr\/index.php?id=1\"><strong>www.aptitude-informatique.fr<\/strong><\/a> l\u2019obligation ou non de fournir ces informations.<br \/>\nConform\u00e9ment aux dispositions des articles 38 et suivants de la loi 78-17 du 6 janvier 1978 relative \u00e0 l\u2019informatique, aux fichiers et aux libert\u00e9s, tout utilisateur dispose d\u2019un droit d\u2019acc\u00e8s, de rectification et d\u2019opposition aux donn\u00e9es personnelles le concernant, en effectuant sa demande \u00e9crite et sign\u00e9e, accompagn\u00e9e d\u2019une copie du titre d\u2019identit\u00e9 avec signature du titulaire de la pi\u00e8ce, en pr\u00e9cisant l\u2019adresse \u00e0 laquelle la r\u00e9ponse doit \u00eatre envoy\u00e9e.<\/p>\n<p>Aucune information personnelle de l\u2019utilisateur du site <a href=\"http:\/\/www.aptitude-informatique.fr\/index.php?id=1\"><strong>www.aptitude-informatique.fr<\/strong><\/a> n\u2019est publi\u00e9e \u00e0 l\u2019insu de l\u2019utilisateur, \u00e9chang\u00e9e, transf\u00e9r\u00e9e, c\u00e9d\u00e9e ou vendue sur un support quelconque \u00e0 des tiers. Seule l\u2019hypoth\u00e8se du rachat d&rsquo;Aptitude Informatique \u2013 Aptitude Informatique et de ses droits permettrait la transmission des dites informations \u00e0 l\u2019\u00e9ventuel acqu\u00e9reur qui serait \u00e0 son tour tenu de la m\u00eame obligation de conservation et de modification des donn\u00e9es vis \u00e0 vis de l\u2019utilisateur du site <a href=\"http:\/\/www.aptitude-informatique.fr\/index.php?id=1\"><strong>www.aptitude-informatique.fr<\/strong><\/a>.<\/p>\n<p>Les bases de donn\u00e9es sont prot\u00e9g\u00e9es par les dispositions de la loi du 1er juillet 1998 transposant la directive 96\/9 du 11 mars 1996 relative \u00e0 la protection juridique des bases de donn\u00e9es.<\/p>\n<h3>Liens hypertextes et cookies<\/h3>\n<p><a href=\"https:\/\/www.aptitude-informatique.fr\/index.php\/politique-relative-aux-cookies\/\"><strong>Politique relative \u00e0 la gestion des cookies<\/strong><\/a> sur le sit Aptitude Informatique.<\/p>\n<h2>Informations juridique<\/h2>\n<p>Activit\u00e9 : Conseil en syst\u00e8mes et logiciels informatiques &#8211; 6202A<br \/>\nSi\u00e8ge social : 22 rue du Bignon &#8211; 35500 RENNES &#8211; tel : +33 299263157<br \/>\nemail : utilisez le formulaire de contact (pour eviter le couriel non solicit\u00e9 \u00ab\u00a0SPAM\u00a0\u00bb)<br \/>\nSIRET :\u00a041808880300014<br \/>\nN.I.I.: FR 64 418 088 803<br \/>\nForme juridique : SARL Soci\u00e9t\u00e9 \u00e0 responsabilit\u00e9 limit\u00e9e<br \/>\nCapital social :\u00a07.623,00 EURO<\/p>\n<h2>Cr\u00e9dits <\/h2>\n<p>Conception, cr\u00e9ation : Aptitude Informatique<br \/>\nR\u00e9daction,\u00a0 r\u00e9alisation : Aptitude Informatique<br \/>\nH\u00e9bergement :\u00a0OVH<\/p>\n<\/div>\n","protected":false},"excerpt":{"rendered":"<p>Informations \u00e9diteur Ce site est \u00e9dit\u00e9 par la soci\u00e9t\u00e9 Aptitude informatique Directeur de la publication :\u00a0Yann LE GOC Responsable de la r\u00e9daction : Yann LE GOC Responsable du traitement (des donn\u00e9es personnelles) : Yann LE GOC Le site www.aptitude-informatique.fr est h\u00e9berg\u00e9 par : OVH Si\u00e8ge social : 140 Quai du Sartel &#8211; 59100 Roubaix &#8211;<br \/><a class=\"moretag\" href=\"https:\/\/www.aptitude-informatique.fr\/index.php\/mentions-legale\/\">+ Read More<\/a><\/p>\n","protected":false},"author":2,"featured_media":0,"parent":0,"menu_order":0,"comment_status":"closed","ping_status":"closed","template":"","meta":{"jetpack_post_was_ever_published":false,"footnotes":""},"class_list":["post-10","page","type-page","status-publish","hentry"],"yoast_head":"<!-- This site is optimized with the Yoast SEO plugin v23.4 - https:\/\/yoast.com\/wordpress\/plugins\/seo\/ -->\n<title>Mentions L\u00e9gale - APTITUDE INFORMATIQUE<\/title>\n<meta name=\"robots\" content=\"index, follow, max-snippet:-1, max-image-preview:large, max-video-preview:-1\" \/>\n<link rel=\"canonical\" href=\"https:\/\/www.aptitude-informatique.fr\/index.php\/mentions-legale\/\" \/>\n<meta property=\"og:locale\" content=\"fr_FR\" \/>\n<meta property=\"og:type\" content=\"article\" \/>\n<meta property=\"og:title\" content=\"Mentions L\u00e9gale - APTITUDE INFORMATIQUE\" \/>\n<meta property=\"og:description\" content=\"Informations \u00e9diteur Ce site est \u00e9dit\u00e9 par la soci\u00e9t\u00e9 Aptitude informatique Directeur de la publication :\u00a0Yann LE GOC Responsable de la r\u00e9daction : Yann LE GOC Responsable du traitement (des donn\u00e9es personnelles) : Yann LE GOC Le site www.aptitude-informatique.fr est h\u00e9berg\u00e9 par : OVH Si\u00e8ge social : 140 Quai du Sartel &#8211; 59100 Roubaix &#8211;+ Read More\" \/>\n<meta property=\"og:url\" content=\"https:\/\/www.aptitude-informatique.fr\/index.php\/mentions-legale\/\" \/>\n<meta property=\"og:site_name\" content=\"APTITUDE INFORMATIQUE\" \/>\n<meta property=\"article:modified_time\" content=\"2021-09-08T10:16:11+00:00\" \/>\n<meta name=\"twitter:card\" content=\"summary_large_image\" \/>\n<meta name=\"twitter:label1\" content=\"Dur\u00e9e de lecture estim\u00e9e\" \/>\n\t<meta name=\"twitter:data1\" content=\"5 minutes\" \/>\n<script type=\"application\/ld+json\" class=\"yoast-schema-graph\">{\"@context\":\"https:\/\/schema.org\",\"@graph\":[{\"@type\":\"WebPage\",\"@id\":\"https:\/\/www.aptitude-informatique.fr\/index.php\/mentions-legale\/\",\"url\":\"https:\/\/www.aptitude-informatique.fr\/index.php\/mentions-legale\/\",\"name\":\"Mentions L\u00e9gale - APTITUDE INFORMATIQUE\",\"isPartOf\":{\"@id\":\"https:\/\/www.aptitude-informatique.fr\/#website\"},\"datePublished\":\"2016-02-29T16:05:28+00:00\",\"dateModified\":\"2021-09-08T10:16:11+00:00\",\"breadcrumb\":{\"@id\":\"https:\/\/www.aptitude-informatique.fr\/index.php\/mentions-legale\/#breadcrumb\"},\"inLanguage\":\"fr-FR\",\"potentialAction\":[{\"@type\":\"ReadAction\",\"target\":[\"https:\/\/www.aptitude-informatique.fr\/index.php\/mentions-legale\/\"]}]},{\"@type\":\"BreadcrumbList\",\"@id\":\"https:\/\/www.aptitude-informatique.fr\/index.php\/mentions-legale\/#breadcrumb\",\"itemListElement\":[{\"@type\":\"ListItem\",\"position\":1,\"name\":\"Accueil\",\"item\":\"https:\/\/www.aptitude-informatique.fr\/\"},{\"@type\":\"ListItem\",\"position\":2,\"name\":\"Mentions L\u00e9gale\"}]},{\"@type\":\"WebSite\",\"@id\":\"https:\/\/www.aptitude-informatique.fr\/#website\",\"url\":\"https:\/\/www.aptitude-informatique.fr\/\",\"name\":\"APTITUDE INFORMATIQUE\",\"description\":\"Conseil - Formation - Cr\u00e9ation\",\"potentialAction\":[{\"@type\":\"SearchAction\",\"target\":{\"@type\":\"EntryPoint\",\"urlTemplate\":\"https:\/\/www.aptitude-informatique.fr\/?s={search_term_string}\"},\"query-input\":{\"@type\":\"PropertyValueSpecification\",\"valueRequired\":true,\"valueName\":\"search_term_string\"}}],\"inLanguage\":\"fr-FR\"}]}<\/script>\n<!-- \/ Yoast SEO plugin. -->","yoast_head_json":{"title":"Mentions L\u00e9gale - APTITUDE INFORMATIQUE","robots":{"index":"index","follow":"follow","max-snippet":"max-snippet:-1","max-image-preview":"max-image-preview:large","max-video-preview":"max-video-preview:-1"},"canonical":"https:\/\/www.aptitude-informatique.fr\/index.php\/mentions-legale\/","og_locale":"fr_FR","og_type":"article","og_title":"Mentions L\u00e9gale - APTITUDE INFORMATIQUE","og_description":"Informations \u00e9diteur Ce site est \u00e9dit\u00e9 par la soci\u00e9t\u00e9 Aptitude informatique Directeur de la publication :\u00a0Yann LE GOC Responsable de la r\u00e9daction : Yann LE GOC Responsable du traitement (des donn\u00e9es personnelles) : Yann LE GOC Le site www.aptitude-informatique.fr est h\u00e9berg\u00e9 par : OVH Si\u00e8ge social : 140 Quai du Sartel &#8211; 59100 Roubaix &#8211;+ Read More","og_url":"https:\/\/www.aptitude-informatique.fr\/index.php\/mentions-legale\/","og_site_name":"APTITUDE INFORMATIQUE","article_modified_time":"2021-09-08T10:16:11+00:00","twitter_card":"summary_large_image","twitter_misc":{"Dur\u00e9e de lecture estim\u00e9e":"5 minutes"},"schema":{"@context":"https:\/\/schema.org","@graph":[{"@type":"WebPage","@id":"https:\/\/www.aptitude-informatique.fr\/index.php\/mentions-legale\/","url":"https:\/\/www.aptitude-informatique.fr\/index.php\/mentions-legale\/","name":"Mentions L\u00e9gale - APTITUDE INFORMATIQUE","isPartOf":{"@id":"https:\/\/www.aptitude-informatique.fr\/#website"},"datePublished":"2016-02-29T16:05:28+00:00","dateModified":"2021-09-08T10:16:11+00:00","breadcrumb":{"@id":"https:\/\/www.aptitude-informatique.fr\/index.php\/mentions-legale\/#breadcrumb"},"inLanguage":"fr-FR","potentialAction":[{"@type":"ReadAction","target":["https:\/\/www.aptitude-informatique.fr\/index.php\/mentions-legale\/"]}]},{"@type":"BreadcrumbList","@id":"https:\/\/www.aptitude-informatique.fr\/index.php\/mentions-legale\/#breadcrumb","itemListElement":[{"@type":"ListItem","position":1,"name":"Accueil","item":"https:\/\/www.aptitude-informatique.fr\/"},{"@type":"ListItem","position":2,"name":"Mentions L\u00e9gale"}]},{"@type":"WebSite","@id":"https:\/\/www.aptitude-informatique.fr\/#website","url":"https:\/\/www.aptitude-informatique.fr\/","name":"APTITUDE INFORMATIQUE","description":"Conseil - Formation - Cr\u00e9ation","potentialAction":[{"@type":"SearchAction","target":{"@type":"EntryPoint","urlTemplate":"https:\/\/www.aptitude-informatique.fr\/?s={search_term_string}"},"query-input":{"@type":"PropertyValueSpecification","valueRequired":true,"valueName":"search_term_string"}}],"inLanguage":"fr-FR"}]}},"jetpack_sharing_enabled":true,"jetpack_shortlink":"https:\/\/wp.me\/P7ibsz-a","jetpack-related-posts":[],"_links":{"self":[{"href":"https:\/\/www.aptitude-informatique.fr\/index.php\/wp-json\/wp\/v2\/pages\/10"}],"collection":[{"href":"https:\/\/www.aptitude-informatique.fr\/index.php\/wp-json\/wp\/v2\/pages"}],"about":[{"href":"https:\/\/www.aptitude-informatique.fr\/index.php\/wp-json\/wp\/v2\/types\/page"}],"author":[{"embeddable":true,"href":"https:\/\/www.aptitude-informatique.fr\/index.php\/wp-json\/wp\/v2\/users\/2"}],"replies":[{"embeddable":true,"href":"https:\/\/www.aptitude-informatique.fr\/index.php\/wp-json\/wp\/v2\/comments?post=10"}],"version-history":[{"count":4,"href":"https:\/\/www.aptitude-informatique.fr\/index.php\/wp-json\/wp\/v2\/pages\/10\/revisions"}],"predecessor-version":[{"id":586,"href":"https:\/\/www.aptitude-informatique.fr\/index.php\/wp-json\/wp\/v2\/pages\/10\/revisions\/586"}],"wp:attachment":[{"href":"https:\/\/www.aptitude-informatique.fr\/index.php\/wp-json\/wp\/v2\/media?parent=10"}],"curies":[{"name":"wp","href":"https:\/\/api.w.org\/{rel}","templated":true}]}}