{"id":496,"date":"2021-09-06T14:55:37","date_gmt":"2021-09-06T13:55:37","guid":{"rendered":"https:\/\/www.aptitude-informatique.fr\/?page_id=496"},"modified":"2026-02-26T14:16:43","modified_gmt":"2026-02-26T13:16:43","slug":"formations","status":"publish","type":"page","link":"https:\/\/www.aptitude-informatique.fr\/index.php\/formations\/","title":{"rendered":"Formations"},"content":{"rendered":"<div id=\"fondsite\">\n<table class=\"form\">\n<thead>\n<tr>\n<td>\n<h2 class=\"form\">Formation continue<\/h2>\n<\/td>\n<\/tr>\n<\/thead>\n<tbody>\n<tr>\n<td>\n<h4 class=\"form\">Nous vous formons sur site, dans votre environement sur votre mat\u00e9riel.<\/h4>\n<\/td>\n<\/tr>\n<\/tbody>\n<\/table>\n<h3 class=\"form\">Le centre de formation APTITUDE INFORMATIQUE<\/h3>\n<p>Le centre de formation APTITUDE INFORMATIQUE propose des formations courtes et intensives dans diff\u00e9rents domaines de l&rsquo; informatique,<br \/>\nla comptabilit\u00e9 , le management, La bureautique, l&rsquo;infographie, le web Depuis 1998 ,<br \/>\nOrganisme reconnu pour son s\u00e9rieux est un acteur essentiel de la formation individuel et petit groupe en pr\u00e9sentiel.<br \/>\nAPTITUDE INFORMATIQUE, Centre de formation pour adultes, situ\u00e9 \u00e0 RENNES, propose une offre compl\u00e8te de formations.<br \/>\nLe Centre de formation APTITUDE INFORMATIQUE est dirig\u00e9 et anim\u00e9 par une \u00e9quipe comp\u00e9tente dot\u00e9e d&rsquo;une longue exp\u00e9rience dans la formation professionnelle des adultes.<br \/>\nAPTITUDE INFORMATIQUE dispense des formations en petits groupes de stagiaires, pour une meilleure efficacit\u00e9.<br \/>\nDes formations en INTRA-ENTREPRISE sont organis\u00e9es sur le lieu de travail des salari\u00e9s.<br \/>\nPossibilt\u00e9 de suivre des programmes de formation \u00ab\u00a0\u00e0 la carte\u00a0\u00bb (sur demande).<br \/>\nAPTITUDE INFORMATIQUE est conforme aux exigences qualit\u00e9 de <a href=\"https:\/\/certificats-attestations.afnor.org\/certification?lienWeb=198939166703\" target=\"_blank\" rel=\"noopener\">QUALIOPI<\/a>.<\/p>\n<p><strong>NOTRE ENGAGEMENT HANDICAP<\/strong> :<br \/>\nParce que chaque parcours est unique, nous adaptons nos modalit\u00e9s p\u00e9dagogiques pour garantir l&rsquo;\u00e9galit\u00e9 des chances. Si vous \u00eates en situation de handicap (reconnu ou non par la MDPH), nous mobilisons nos partenaires (Agefiph, Cap Emploi) pour s\u00e9curiser votre entr\u00e9e en formation. N&rsquo;attendez pas le d\u00e9but de la session pour nous en parler !<\/p>\n<h3 class=\"form\">Notre Offre intra-entreprise<\/h3>\n<p><a href=\"https:\/\/www.aptitude-informatique.fr\/index.php\/formations\/nos-formations\/\" target=\"_blank\" rel=\"noopener noreferrer\">Nos formations Intra-entreprise<\/a><\/p>\n<p>Le centre de formation propose des stages en INTRA-ENTREPRISE.<br \/>\nLa formation intra-entreprise est une formation qui n&rsquo;est dispens\u00e9e qu&rsquo;\u00e0 un seul client.<br \/>\nLa session lui appartient et la soci\u00e9t\u00e9 a le choix des dates de la formation. Elle peut inscrire une ou plusieurs personnes.<\/p>\n<p>La formation en INTRA se d\u00e9roule dans les locaux du client. Le client peut \u00e9galement choisir une formation dispens\u00e9e dans des locaux autres (centre de s\u00e9minaires&#8230;)<\/p>\n<p>Le programme de formation est au catalogue APTITUDE INFORMATIQUE, mais peut \u00eatre adapt\u00e9 (sur mesure) en fonction des besoins sp\u00e9cifiques du client.<\/p>\n<p>Une solution \u00e9conomique : des forfaits sont propos\u00e9s pour des groupes de stagiaires. Ceux-ci font donc l&rsquo;\u00e9conomie des d\u00e9placements.<\/p>\n<p>Pour garantir la qualit\u00e9 de la formation, APTITUDE INFORMATIQUE s&rsquo;assure (avant son d\u00e9marrage) :<\/p>\n<p>&#8211; que les objectifs et le programme de stage ont bien \u00e9t\u00e9 identifi\u00e9s et d\u00e9taill\u00e9s ;<\/p>\n<p>&#8211; que le niveau des stagiaires, par groupe constitu\u00e9, est homog\u00e8ne ;<\/p>\n<p>&#8211; que le nombre de stagiaires ne d\u00e9passe pas 6 (maximum) ;<\/p>\n<p>&#8211; que la soci\u00e9t\u00e9 dispose du mat\u00e9riel p\u00e9dagogique n\u00e9cessaire (tableau, \u00e9cran, videoprojecteur entre autres).<br \/>\nAPTITUDE INFORMATIQUE pourra si n\u00e9c\u00e9ssaire pr\u00e9t\u00e8 du mat\u00e9riel (Paper board, videoprojecteur, Ordinateur Portable, entre autres).<br \/>\n<a href=\"https:\/\/www.aptitude-informatique.fr\/wp-content\/uploads\/2021\/10\/Fiche-methode-pedagogique.pdf\" target=\"_blank\" rel=\"noopener\">Modalit\u00e9s p\u00e9dagogiques<\/a><br \/>\n<a href=\"https:\/\/www.aptitude-informatique.fr\/index.php\/reglement-interieur-aptitude-informatique\/\" target=\"_blank\" rel=\"noopener\">R\u00e9glement Int\u00e9rieur Aptitude Informatique<\/a><br \/>\n<a href=\"https:\/\/www.aptitude-informatique.fr\/wp-content\/uploads\/2024\/04\/CGV.pdf\" target=\"_blank\" rel=\"noopener\">Conditions G\u00e9n\u00e9rales de vente<\/a><br \/>\nAPTITUDE INFORMATIQUE ayant un num\u00e9ro de d\u00e9claration d&rsquo;\u00e9xistance aupr\u00e8s de la pr\u00e9fecture d&rsquo;Ille-et-Vilaine et travaillant r\u00e9guli\u00e8rement avec les OPCO , op\u00e9rateurs de comp\u00e9tences . Les prises en charge sont possibles .<\/p>\n<h3 class=\"form\">Nos indicateurs d&rsquo;activit\u00e9 2024<\/h3>\n<p>Taux de satisfaction <a href=\"https:\/\/www.aptitude-informatique.fr\/index.php\/formations\/evaluations\/\" target=\"_blank\" rel=\"noopener\">ici<\/a><br \/>\nNombre de stagiaires ( Salari\u00e9s 3, autres stagiaires 84 )<br \/>\nTaux et causes des abandons (0)<br \/>\nTaux de retour des enqu\u00eates (100 % sur 2024)<br \/>\nTaux d\u2019interruption en cours de prestation (0)<br \/>\n<a href=\"https:\/\/www.aptitude-informatique.fr\/wp-content\/uploads\/2024\/09\/certificat-aptitude-informatiquepdf.pdf\" target=\"_blank\" rel=\"noopener\"><img data-recalc-dims=\"1\" loading=\"lazy\" decoding=\"async\" data-attachment-id=\"762\" data-permalink=\"https:\/\/www.aptitude-informatique.fr\/index.php\/formations\/9a9fad7e-d714-42fe-86da-e337a2070209\/\" data-orig-file=\"https:\/\/i0.wp.com\/www.aptitude-informatique.fr\/wp-content\/uploads\/2021\/11\/9a9fad7e-d714-42fe-86da-e337a2070209.png?fit=633%2C338&amp;ssl=1\" data-orig-size=\"633,338\" data-comments-opened=\"1\" data-image-meta=\"{&quot;aperture&quot;:&quot;0&quot;,&quot;credit&quot;:&quot;&quot;,&quot;camera&quot;:&quot;&quot;,&quot;caption&quot;:&quot;&quot;,&quot;created_timestamp&quot;:&quot;0&quot;,&quot;copyright&quot;:&quot;&quot;,&quot;focal_length&quot;:&quot;0&quot;,&quot;iso&quot;:&quot;0&quot;,&quot;shutter_speed&quot;:&quot;0&quot;,&quot;title&quot;:&quot;&quot;,&quot;orientation&quot;:&quot;0&quot;}\" data-image-title=\"9a9fad7e-d714-42fe-86da-e337a2070209\" data-image-description=\"\" data-image-caption=\"\" data-medium-file=\"https:\/\/i0.wp.com\/www.aptitude-informatique.fr\/wp-content\/uploads\/2021\/11\/9a9fad7e-d714-42fe-86da-e337a2070209.png?fit=300%2C160&amp;ssl=1\" data-large-file=\"https:\/\/i0.wp.com\/www.aptitude-informatique.fr\/wp-content\/uploads\/2021\/11\/9a9fad7e-d714-42fe-86da-e337a2070209.png?fit=633%2C338&amp;ssl=1\" tabindex=\"0\" role=\"button\" class=\"alignnone wp-image-762 size-medium\" src=\"https:\/\/i0.wp.com\/www.aptitude-informatique.fr\/wp-content\/uploads\/2021\/11\/9a9fad7e-d714-42fe-86da-e337a2070209-300x160.png?resize=300%2C160&#038;ssl=1\" alt=\"\" width=\"300\" height=\"160\" srcset=\"https:\/\/i0.wp.com\/www.aptitude-informatique.fr\/wp-content\/uploads\/2021\/11\/9a9fad7e-d714-42fe-86da-e337a2070209.png?resize=300%2C160&amp;ssl=1 300w, https:\/\/i0.wp.com\/www.aptitude-informatique.fr\/wp-content\/uploads\/2021\/11\/9a9fad7e-d714-42fe-86da-e337a2070209.png?resize=600%2C320&amp;ssl=1 600w, https:\/\/i0.wp.com\/www.aptitude-informatique.fr\/wp-content\/uploads\/2021\/11\/9a9fad7e-d714-42fe-86da-e337a2070209.png?w=633&amp;ssl=1 633w\" sizes=\"(max-width: 300px) 100vw, 300px\" \/><\/a><br \/>\nLa certification qualit\u00e9 a \u00e9t\u00e9 d\u00e9livr\u00e9e au titre des cat\u00e9gories d\u2019actions suivantes\u00a0: ACTION DE FORMATION<br \/>\nCertificat N\u00b0 : 198939166703<\/p>\n<p>&nbsp;<\/p>\n<\/div>\n<div id=\"date\">Page mise \u00e0 jour le 06\/07\/2025<\/div>\n","protected":false},"excerpt":{"rendered":"<p>Formation continue Nous vous formons sur site, dans votre environement sur votre mat\u00e9riel. Le centre de formation APTITUDE INFORMATIQUE Le centre de formation APTITUDE INFORMATIQUE propose des formations courtes et intensives dans diff\u00e9rents domaines de l&rsquo; informatique, la comptabilit\u00e9 , le management, La bureautique, l&rsquo;infographie, le web Depuis 1998 , Organisme reconnu pour son s\u00e9rieux<br \/><a class=\"moretag\" href=\"https:\/\/www.aptitude-informatique.fr\/index.php\/formations\/\">+ Read More<\/a><\/p>\n","protected":false},"author":2,"featured_media":0,"parent":0,"menu_order":0,"comment_status":"closed","ping_status":"closed","template":"","meta":{"jetpack_post_was_ever_published":false,"footnotes":""},"class_list":["post-496","page","type-page","status-publish","hentry"],"yoast_head":"<!-- This site is optimized with the Yoast SEO plugin v23.4 - https:\/\/yoast.com\/wordpress\/plugins\/seo\/ -->\n<title>Formations - APTITUDE INFORMATIQUE<\/title>\n<meta name=\"robots\" content=\"index, follow, max-snippet:-1, max-image-preview:large, max-video-preview:-1\" \/>\n<link rel=\"canonical\" href=\"https:\/\/www.aptitude-informatique.fr\/index.php\/formations\/\" \/>\n<meta property=\"og:locale\" content=\"fr_FR\" \/>\n<meta property=\"og:type\" content=\"article\" \/>\n<meta property=\"og:title\" content=\"Formations - APTITUDE INFORMATIQUE\" \/>\n<meta property=\"og:description\" content=\"Formation continue Nous vous formons sur site, dans votre environement sur votre mat\u00e9riel. Le centre de formation APTITUDE INFORMATIQUE Le centre de formation APTITUDE INFORMATIQUE propose des formations courtes et intensives dans diff\u00e9rents domaines de l&rsquo; informatique, la comptabilit\u00e9 , le management, La bureautique, l&rsquo;infographie, le web Depuis 1998 , Organisme reconnu pour son s\u00e9rieux+ Read More\" \/>\n<meta property=\"og:url\" content=\"https:\/\/www.aptitude-informatique.fr\/index.php\/formations\/\" \/>\n<meta property=\"og:site_name\" content=\"APTITUDE INFORMATIQUE\" \/>\n<meta property=\"article:modified_time\" content=\"2026-02-26T13:16:43+00:00\" \/>\n<meta property=\"og:image\" content=\"https:\/\/www.aptitude-informatique.fr\/wp-content\/uploads\/2021\/11\/9a9fad7e-d714-42fe-86da-e337a2070209-300x160.png\" \/>\n<meta name=\"twitter:card\" content=\"summary_large_image\" \/>\n<meta name=\"twitter:label1\" content=\"Dur\u00e9e de lecture estim\u00e9e\" \/>\n\t<meta name=\"twitter:data1\" content=\"3 minutes\" \/>\n<script type=\"application\/ld+json\" class=\"yoast-schema-graph\">{\"@context\":\"https:\/\/schema.org\",\"@graph\":[{\"@type\":\"WebPage\",\"@id\":\"https:\/\/www.aptitude-informatique.fr\/index.php\/formations\/\",\"url\":\"https:\/\/www.aptitude-informatique.fr\/index.php\/formations\/\",\"name\":\"Formations - APTITUDE INFORMATIQUE\",\"isPartOf\":{\"@id\":\"https:\/\/www.aptitude-informatique.fr\/#website\"},\"primaryImageOfPage\":{\"@id\":\"https:\/\/www.aptitude-informatique.fr\/index.php\/formations\/#primaryimage\"},\"image\":{\"@id\":\"https:\/\/www.aptitude-informatique.fr\/index.php\/formations\/#primaryimage\"},\"thumbnailUrl\":\"https:\/\/www.aptitude-informatique.fr\/wp-content\/uploads\/2021\/11\/9a9fad7e-d714-42fe-86da-e337a2070209-300x160.png\",\"datePublished\":\"2021-09-06T13:55:37+00:00\",\"dateModified\":\"2026-02-26T13:16:43+00:00\",\"breadcrumb\":{\"@id\":\"https:\/\/www.aptitude-informatique.fr\/index.php\/formations\/#breadcrumb\"},\"inLanguage\":\"fr-FR\",\"potentialAction\":[{\"@type\":\"ReadAction\",\"target\":[\"https:\/\/www.aptitude-informatique.fr\/index.php\/formations\/\"]}]},{\"@type\":\"ImageObject\",\"inLanguage\":\"fr-FR\",\"@id\":\"https:\/\/www.aptitude-informatique.fr\/index.php\/formations\/#primaryimage\",\"url\":\"https:\/\/i0.wp.com\/www.aptitude-informatique.fr\/wp-content\/uploads\/2021\/11\/9a9fad7e-d714-42fe-86da-e337a2070209.png?fit=633%2C338&ssl=1\",\"contentUrl\":\"https:\/\/i0.wp.com\/www.aptitude-informatique.fr\/wp-content\/uploads\/2021\/11\/9a9fad7e-d714-42fe-86da-e337a2070209.png?fit=633%2C338&ssl=1\",\"width\":633,\"height\":338},{\"@type\":\"BreadcrumbList\",\"@id\":\"https:\/\/www.aptitude-informatique.fr\/index.php\/formations\/#breadcrumb\",\"itemListElement\":[{\"@type\":\"ListItem\",\"position\":1,\"name\":\"Accueil\",\"item\":\"https:\/\/www.aptitude-informatique.fr\/\"},{\"@type\":\"ListItem\",\"position\":2,\"name\":\"Formations\"}]},{\"@type\":\"WebSite\",\"@id\":\"https:\/\/www.aptitude-informatique.fr\/#website\",\"url\":\"https:\/\/www.aptitude-informatique.fr\/\",\"name\":\"APTITUDE INFORMATIQUE\",\"description\":\"Conseil - Formation - Cr\u00e9ation\",\"potentialAction\":[{\"@type\":\"SearchAction\",\"target\":{\"@type\":\"EntryPoint\",\"urlTemplate\":\"https:\/\/www.aptitude-informatique.fr\/?s={search_term_string}\"},\"query-input\":{\"@type\":\"PropertyValueSpecification\",\"valueRequired\":true,\"valueName\":\"search_term_string\"}}],\"inLanguage\":\"fr-FR\"}]}<\/script>\n<!-- \/ Yoast SEO plugin. -->","yoast_head_json":{"title":"Formations - APTITUDE INFORMATIQUE","robots":{"index":"index","follow":"follow","max-snippet":"max-snippet:-1","max-image-preview":"max-image-preview:large","max-video-preview":"max-video-preview:-1"},"canonical":"https:\/\/www.aptitude-informatique.fr\/index.php\/formations\/","og_locale":"fr_FR","og_type":"article","og_title":"Formations - APTITUDE INFORMATIQUE","og_description":"Formation continue Nous vous formons sur site, dans votre environement sur votre mat\u00e9riel. Le centre de formation APTITUDE INFORMATIQUE Le centre de formation APTITUDE INFORMATIQUE propose des formations courtes et intensives dans diff\u00e9rents domaines de l&rsquo; informatique, la comptabilit\u00e9 , le management, La bureautique, l&rsquo;infographie, le web Depuis 1998 , Organisme reconnu pour son s\u00e9rieux+ Read More","og_url":"https:\/\/www.aptitude-informatique.fr\/index.php\/formations\/","og_site_name":"APTITUDE INFORMATIQUE","article_modified_time":"2026-02-26T13:16:43+00:00","og_image":[{"url":"https:\/\/www.aptitude-informatique.fr\/wp-content\/uploads\/2021\/11\/9a9fad7e-d714-42fe-86da-e337a2070209-300x160.png"}],"twitter_card":"summary_large_image","twitter_misc":{"Dur\u00e9e de lecture estim\u00e9e":"3 minutes"},"schema":{"@context":"https:\/\/schema.org","@graph":[{"@type":"WebPage","@id":"https:\/\/www.aptitude-informatique.fr\/index.php\/formations\/","url":"https:\/\/www.aptitude-informatique.fr\/index.php\/formations\/","name":"Formations - APTITUDE INFORMATIQUE","isPartOf":{"@id":"https:\/\/www.aptitude-informatique.fr\/#website"},"primaryImageOfPage":{"@id":"https:\/\/www.aptitude-informatique.fr\/index.php\/formations\/#primaryimage"},"image":{"@id":"https:\/\/www.aptitude-informatique.fr\/index.php\/formations\/#primaryimage"},"thumbnailUrl":"https:\/\/www.aptitude-informatique.fr\/wp-content\/uploads\/2021\/11\/9a9fad7e-d714-42fe-86da-e337a2070209-300x160.png","datePublished":"2021-09-06T13:55:37+00:00","dateModified":"2026-02-26T13:16:43+00:00","breadcrumb":{"@id":"https:\/\/www.aptitude-informatique.fr\/index.php\/formations\/#breadcrumb"},"inLanguage":"fr-FR","potentialAction":[{"@type":"ReadAction","target":["https:\/\/www.aptitude-informatique.fr\/index.php\/formations\/"]}]},{"@type":"ImageObject","inLanguage":"fr-FR","@id":"https:\/\/www.aptitude-informatique.fr\/index.php\/formations\/#primaryimage","url":"https:\/\/i0.wp.com\/www.aptitude-informatique.fr\/wp-content\/uploads\/2021\/11\/9a9fad7e-d714-42fe-86da-e337a2070209.png?fit=633%2C338&ssl=1","contentUrl":"https:\/\/i0.wp.com\/www.aptitude-informatique.fr\/wp-content\/uploads\/2021\/11\/9a9fad7e-d714-42fe-86da-e337a2070209.png?fit=633%2C338&ssl=1","width":633,"height":338},{"@type":"BreadcrumbList","@id":"https:\/\/www.aptitude-informatique.fr\/index.php\/formations\/#breadcrumb","itemListElement":[{"@type":"ListItem","position":1,"name":"Accueil","item":"https:\/\/www.aptitude-informatique.fr\/"},{"@type":"ListItem","position":2,"name":"Formations"}]},{"@type":"WebSite","@id":"https:\/\/www.aptitude-informatique.fr\/#website","url":"https:\/\/www.aptitude-informatique.fr\/","name":"APTITUDE INFORMATIQUE","description":"Conseil - Formation - Cr\u00e9ation","potentialAction":[{"@type":"SearchAction","target":{"@type":"EntryPoint","urlTemplate":"https:\/\/www.aptitude-informatique.fr\/?s={search_term_string}"},"query-input":{"@type":"PropertyValueSpecification","valueRequired":true,"valueName":"search_term_string"}}],"inLanguage":"fr-FR"}]}},"jetpack_sharing_enabled":true,"jetpack_shortlink":"https:\/\/wp.me\/P7ibsz-80","jetpack-related-posts":[],"_links":{"self":[{"href":"https:\/\/www.aptitude-informatique.fr\/index.php\/wp-json\/wp\/v2\/pages\/496"}],"collection":[{"href":"https:\/\/www.aptitude-informatique.fr\/index.php\/wp-json\/wp\/v2\/pages"}],"about":[{"href":"https:\/\/www.aptitude-informatique.fr\/index.php\/wp-json\/wp\/v2\/types\/page"}],"author":[{"embeddable":true,"href":"https:\/\/www.aptitude-informatique.fr\/index.php\/wp-json\/wp\/v2\/users\/2"}],"replies":[{"embeddable":true,"href":"https:\/\/www.aptitude-informatique.fr\/index.php\/wp-json\/wp\/v2\/comments?post=496"}],"version-history":[{"count":36,"href":"https:\/\/www.aptitude-informatique.fr\/index.php\/wp-json\/wp\/v2\/pages\/496\/revisions"}],"predecessor-version":[{"id":909,"href":"https:\/\/www.aptitude-informatique.fr\/index.php\/wp-json\/wp\/v2\/pages\/496\/revisions\/909"}],"wp:attachment":[{"href":"https:\/\/www.aptitude-informatique.fr\/index.php\/wp-json\/wp\/v2\/media?parent=496"}],"curies":[{"name":"wp","href":"https:\/\/api.w.org\/{rel}","templated":true}]}}