{"id":535,"date":"2021-09-07T15:38:28","date_gmt":"2021-09-07T14:38:28","guid":{"rendered":"https:\/\/www.aptitude-informatique.fr\/?page_id=535"},"modified":"2021-09-22T14:20:47","modified_gmt":"2021-09-22T13:20:47","slug":"sage-c50-gestion-commercial-perfectionnement","status":"publish","type":"page","link":"https:\/\/www.aptitude-informatique.fr\/index.php\/formations\/nos-formations\/sage-c50-gestion-commercial-perfectionnement\/","title":{"rendered":"Sage C50 Gestion Commercial Perfectionnement"},"content":{"rendered":"<div class=\"colonnes\">\n<div class=\"clearfix\">\n<div class=\"colgauche\">\n<p class=\"boutons\"><a href=\"https:\/\/www.aptitude-informatique.fr\/wp-content\/uploads\/plansite\/Perfectionnement-C50G.pdf\" target=\"_blank\" class=\"Team\" rel=\"noopener noreferrer\">Telecharger le PDF<\/a><\/p>\n<p><\/p>\n<div class=\"blg\">\n<h4>Tarifs<\/h4>\n<p>Intra \u00e0 partir de 1400 \u20ac<\/p>\n<\/p><\/div>\n<div class=\"blg\">\n<h4>Public cibl\u00e9<\/h4>\n<p>Tout public<\/p>\n<\/p><\/div>\n<div class=\"blg\">\n<h4>Niveau requis<\/h4>\n<p>Connaissances environnement Windows<br \/>\n\t\tConnaissances des bases du logiciel Sage C50 Gestion Commerciale<\/p>\n<\/p><\/div>\n<div class=\"blg\">\n<h4>Objectifs formation<\/h4>\n<p>Etre capables d&rsquo;\u00e9diter les diff\u00e9rents Journaux d&rsquo;une soci\u00e9t\u00e9,<br \/>\n\t\td\u2019\u00e9tablir des statistiques,<br \/>\n\t\td\u2019utiliser la gestion de stocks et d\u2019obtenir les \u00e9ditions comptables<\/p>\n<\/p><\/div>\n<div class=\"blg\">\n<h4>Moyens p\u00e9dagogiques<\/h4>\n<p>\u2022 Grilles d\u2018\u00e9valuation de niveau.<br \/>\n\t\t\u2022 Formateurs avec une exp\u00e9riences professionnelles et des comp\u00e9tences p\u00e9dagogiques<br \/>\n\t\t\u2022 6 personnes maximum \/ stage<br \/>\n\t\t\u2022 1 ordinateur par personne<br \/>\n\t\t\u2022 Chaque notion est expliqu\u00e9e au tableau et suivie imm\u00e9diatement d\u2019un exercice pratique.<br \/>\n\t\t\u2022 Les exercices \u00e9voluent en difficult\u00e9 au fur et \u00e0 mesure du stage.<br \/>\n\t\t\u2022 Un support de cours sera remis \u00e0 chaque participant en fin de formation.<br \/>\n\t\t\u2022 Assistance t\u00e9l\u00e9phonique gratuite.<\/p>\n<\/p><\/div>\n<div class=\"blg\">\n<h4>Dur\u00e9e de la formation<\/h4>\n<p>De 21h \u00e0 35 heures<\/p>\n<\/p><\/div>\n<div class=\"blg\">\n<h4>Contact<\/h4>\n<h3>APTITUDE INFORMATIQUE<\/h3>\n<p>22 rue du Bignon &#8211; 35000 &#8211; RENNES<\/p>\n<p>02 99 26 31 57<\/p>\n<p>contact@aptitude-informatique.fr<\/p>\n<\/p><\/div>\n<div class=\"blg\">\n<h4>D\u00e9lai d\u2019acceptation<\/h4>\n<p>Mise en place de vos cours d\u00e8s acceptation du financement.<\/p>\n<\/p><\/div>\n<div class=\"blg\">\n<h4>Accessibilit\u00e9 Handicap\u00e9<\/h4>\n<p>Conditions d\u2019accueil et d\u2019acc\u00e8s au public en situation d\u2019handicap en fonction du lieu d&rsquo;accueil du client.<\/p>\n<\/p><\/div>\n<\/p><\/div>\n<div class=\"coldroite\">\n<h4>Saisir les r\u00e8glements clients<\/h4>\n<p>Cr\u00e9er un r\u00e8glement<\/br><br \/>\n \tEffectuer une remise commerciale<\/br><br \/>\n \tUtiliser un avoir pour r\u00e9gler<\/br><br \/>\n \tRendre un r\u00e8glement impay\u00e9<\/br><br \/>\n \tRembourser un trop per\u00e7u<\/br><br \/>\n \tEditer un bordereau de ch\u00e8ques<\/p>\n<h4>Obtenir des \u00e9ditions comptables et commerciales<\/h4>\n<p>journal de ventes<\/br><br \/>\n \tJournal de caisse<\/br><br \/>\n \tJournal des stocks<\/br><br \/>\n \tJournaux de banque<\/br><br \/>\n \tBordereaux de remise de ch\u00e8ques<\/br><br \/>\n \tEtiquettes articles et fiches produits<\/br><br \/>\n \tMailing et \u00e9tiquettes clients<\/br><br \/>\n \tSuivi des stocks<\/p>\n<h4>Lancer les traitements<\/h4>\n<p>mettre \u00e0 jour les prix des articles et les quantit\u00e9s en commande<\/br><br \/>\n \tmettre \u00e0 jour le taux de TVA des pi\u00e8ces commerciales<\/p>\n<h4>Ma\u00eetriser les utilitaires<\/h4>\n<p>Cr\u00e9ation, utilisation des graphiques<\/br><br \/>\n \tTransfert en comptabilit\u00e9<\/br><br \/>\n \tLes purges<\/br><br \/>\n \tSauvegarde et restauration<\/br><br \/>\n \tR\u00e9-indexation<\/p>\n<\/div>\n<\/div>\n<\/div>\n","protected":false},"excerpt":{"rendered":"<p>Telecharger le PDF Tarifs Intra \u00e0 partir de 1400 \u20ac Public cibl\u00e9 Tout public Niveau requis Connaissances environnement Windows Connaissances des bases du logiciel Sage C50 Gestion Commerciale Objectifs formation Etre capables d&rsquo;\u00e9diter les diff\u00e9rents Journaux d&rsquo;une soci\u00e9t\u00e9, d\u2019\u00e9tablir des statistiques, d\u2019utiliser la gestion de stocks et d\u2019obtenir les \u00e9ditions comptables Moyens p\u00e9dagogiques \u2022 Grilles<br \/><a class=\"moretag\" href=\"https:\/\/www.aptitude-informatique.fr\/index.php\/formations\/nos-formations\/sage-c50-gestion-commercial-perfectionnement\/\">+ Read More<\/a><\/p>\n","protected":false},"author":2,"featured_media":0,"parent":508,"menu_order":0,"comment_status":"closed","ping_status":"closed","template":"","meta":{"jetpack_post_was_ever_published":false,"footnotes":""},"class_list":["post-535","page","type-page","status-publish","hentry"],"yoast_head":"<!-- This site is optimized with the Yoast SEO plugin v23.4 - https:\/\/yoast.com\/wordpress\/plugins\/seo\/ -->\n<title>Sage C50 Gestion Commercial Perfectionnement - APTITUDE INFORMATIQUE<\/title>\n<meta name=\"robots\" content=\"noindex, nofollow\" \/>\n<meta property=\"og:locale\" content=\"fr_FR\" \/>\n<meta property=\"og:type\" content=\"article\" \/>\n<meta property=\"og:title\" content=\"Sage C50 Gestion Commercial Perfectionnement - APTITUDE INFORMATIQUE\" \/>\n<meta property=\"og:description\" content=\"Telecharger le PDF Tarifs Intra \u00e0 partir de 1400 \u20ac Public cibl\u00e9 Tout public Niveau requis Connaissances environnement Windows Connaissances des bases du logiciel Sage C50 Gestion Commerciale Objectifs formation Etre capables d&rsquo;\u00e9diter les diff\u00e9rents Journaux d&rsquo;une soci\u00e9t\u00e9, d\u2019\u00e9tablir des statistiques, d\u2019utiliser la gestion de stocks et d\u2019obtenir les \u00e9ditions comptables Moyens p\u00e9dagogiques \u2022 Grilles+ Read More\" \/>\n<meta property=\"og:url\" content=\"https:\/\/www.aptitude-informatique.fr\/index.php\/formations\/nos-formations\/sage-c50-gestion-commercial-perfectionnement\/\" \/>\n<meta property=\"og:site_name\" content=\"APTITUDE INFORMATIQUE\" \/>\n<meta property=\"article:modified_time\" content=\"2021-09-22T13:20:47+00:00\" \/>\n<meta name=\"twitter:card\" content=\"summary_large_image\" \/>\n<meta name=\"twitter:label1\" content=\"Dur\u00e9e de lecture estim\u00e9e\" \/>\n\t<meta name=\"twitter:data1\" content=\"1 minute\" \/>\n<script type=\"application\/ld+json\" class=\"yoast-schema-graph\">{\"@context\":\"https:\/\/schema.org\",\"@graph\":[{\"@type\":\"WebPage\",\"@id\":\"https:\/\/www.aptitude-informatique.fr\/index.php\/formations\/nos-formations\/sage-c50-gestion-commercial-perfectionnement\/\",\"url\":\"https:\/\/www.aptitude-informatique.fr\/index.php\/formations\/nos-formations\/sage-c50-gestion-commercial-perfectionnement\/\",\"name\":\"Sage C50 Gestion Commercial Perfectionnement - APTITUDE INFORMATIQUE\",\"isPartOf\":{\"@id\":\"https:\/\/www.aptitude-informatique.fr\/#website\"},\"datePublished\":\"2021-09-07T14:38:28+00:00\",\"dateModified\":\"2021-09-22T13:20:47+00:00\",\"breadcrumb\":{\"@id\":\"https:\/\/www.aptitude-informatique.fr\/index.php\/formations\/nos-formations\/sage-c50-gestion-commercial-perfectionnement\/#breadcrumb\"},\"inLanguage\":\"fr-FR\",\"potentialAction\":[{\"@type\":\"ReadAction\",\"target\":[\"https:\/\/www.aptitude-informatique.fr\/index.php\/formations\/nos-formations\/sage-c50-gestion-commercial-perfectionnement\/\"]}]},{\"@type\":\"BreadcrumbList\",\"@id\":\"https:\/\/www.aptitude-informatique.fr\/index.php\/formations\/nos-formations\/sage-c50-gestion-commercial-perfectionnement\/#breadcrumb\",\"itemListElement\":[{\"@type\":\"ListItem\",\"position\":1,\"name\":\"Accueil\",\"item\":\"https:\/\/www.aptitude-informatique.fr\/\"},{\"@type\":\"ListItem\",\"position\":2,\"name\":\"Formations\",\"item\":\"https:\/\/www.aptitude-informatique.fr\/index.php\/formations\/\"},{\"@type\":\"ListItem\",\"position\":3,\"name\":\"Nos formations\",\"item\":\"https:\/\/www.aptitude-informatique.fr\/index.php\/formations\/nos-formations\/\"},{\"@type\":\"ListItem\",\"position\":4,\"name\":\"Sage C50 Gestion Commercial Perfectionnement\"}]},{\"@type\":\"WebSite\",\"@id\":\"https:\/\/www.aptitude-informatique.fr\/#website\",\"url\":\"https:\/\/www.aptitude-informatique.fr\/\",\"name\":\"APTITUDE INFORMATIQUE\",\"description\":\"Conseil - Formation - Cr\u00e9ation\",\"potentialAction\":[{\"@type\":\"SearchAction\",\"target\":{\"@type\":\"EntryPoint\",\"urlTemplate\":\"https:\/\/www.aptitude-informatique.fr\/?s={search_term_string}\"},\"query-input\":{\"@type\":\"PropertyValueSpecification\",\"valueRequired\":true,\"valueName\":\"search_term_string\"}}],\"inLanguage\":\"fr-FR\"}]}<\/script>\n<!-- \/ Yoast SEO plugin. -->","yoast_head_json":{"title":"Sage C50 Gestion Commercial Perfectionnement - APTITUDE INFORMATIQUE","robots":{"index":"noindex","follow":"nofollow"},"og_locale":"fr_FR","og_type":"article","og_title":"Sage C50 Gestion Commercial Perfectionnement - APTITUDE INFORMATIQUE","og_description":"Telecharger le PDF Tarifs Intra \u00e0 partir de 1400 \u20ac Public cibl\u00e9 Tout public Niveau requis Connaissances environnement Windows Connaissances des bases du logiciel Sage C50 Gestion Commerciale Objectifs formation Etre capables d&rsquo;\u00e9diter les diff\u00e9rents Journaux d&rsquo;une soci\u00e9t\u00e9, d\u2019\u00e9tablir des statistiques, d\u2019utiliser la gestion de stocks et d\u2019obtenir les \u00e9ditions comptables Moyens p\u00e9dagogiques \u2022 Grilles+ Read More","og_url":"https:\/\/www.aptitude-informatique.fr\/index.php\/formations\/nos-formations\/sage-c50-gestion-commercial-perfectionnement\/","og_site_name":"APTITUDE INFORMATIQUE","article_modified_time":"2021-09-22T13:20:47+00:00","twitter_card":"summary_large_image","twitter_misc":{"Dur\u00e9e de lecture estim\u00e9e":"1 minute"},"schema":{"@context":"https:\/\/schema.org","@graph":[{"@type":"WebPage","@id":"https:\/\/www.aptitude-informatique.fr\/index.php\/formations\/nos-formations\/sage-c50-gestion-commercial-perfectionnement\/","url":"https:\/\/www.aptitude-informatique.fr\/index.php\/formations\/nos-formations\/sage-c50-gestion-commercial-perfectionnement\/","name":"Sage C50 Gestion Commercial Perfectionnement - APTITUDE INFORMATIQUE","isPartOf":{"@id":"https:\/\/www.aptitude-informatique.fr\/#website"},"datePublished":"2021-09-07T14:38:28+00:00","dateModified":"2021-09-22T13:20:47+00:00","breadcrumb":{"@id":"https:\/\/www.aptitude-informatique.fr\/index.php\/formations\/nos-formations\/sage-c50-gestion-commercial-perfectionnement\/#breadcrumb"},"inLanguage":"fr-FR","potentialAction":[{"@type":"ReadAction","target":["https:\/\/www.aptitude-informatique.fr\/index.php\/formations\/nos-formations\/sage-c50-gestion-commercial-perfectionnement\/"]}]},{"@type":"BreadcrumbList","@id":"https:\/\/www.aptitude-informatique.fr\/index.php\/formations\/nos-formations\/sage-c50-gestion-commercial-perfectionnement\/#breadcrumb","itemListElement":[{"@type":"ListItem","position":1,"name":"Accueil","item":"https:\/\/www.aptitude-informatique.fr\/"},{"@type":"ListItem","position":2,"name":"Formations","item":"https:\/\/www.aptitude-informatique.fr\/index.php\/formations\/"},{"@type":"ListItem","position":3,"name":"Nos formations","item":"https:\/\/www.aptitude-informatique.fr\/index.php\/formations\/nos-formations\/"},{"@type":"ListItem","position":4,"name":"Sage C50 Gestion Commercial Perfectionnement"}]},{"@type":"WebSite","@id":"https:\/\/www.aptitude-informatique.fr\/#website","url":"https:\/\/www.aptitude-informatique.fr\/","name":"APTITUDE INFORMATIQUE","description":"Conseil - Formation - Cr\u00e9ation","potentialAction":[{"@type":"SearchAction","target":{"@type":"EntryPoint","urlTemplate":"https:\/\/www.aptitude-informatique.fr\/?s={search_term_string}"},"query-input":{"@type":"PropertyValueSpecification","valueRequired":true,"valueName":"search_term_string"}}],"inLanguage":"fr-FR"}]}},"jetpack_sharing_enabled":true,"jetpack_shortlink":"https:\/\/wp.me\/P7ibsz-8D","jetpack-related-posts":[],"_links":{"self":[{"href":"https:\/\/www.aptitude-informatique.fr\/index.php\/wp-json\/wp\/v2\/pages\/535"}],"collection":[{"href":"https:\/\/www.aptitude-informatique.fr\/index.php\/wp-json\/wp\/v2\/pages"}],"about":[{"href":"https:\/\/www.aptitude-informatique.fr\/index.php\/wp-json\/wp\/v2\/types\/page"}],"author":[{"embeddable":true,"href":"https:\/\/www.aptitude-informatique.fr\/index.php\/wp-json\/wp\/v2\/users\/2"}],"replies":[{"embeddable":true,"href":"https:\/\/www.aptitude-informatique.fr\/index.php\/wp-json\/wp\/v2\/comments?post=535"}],"version-history":[{"count":4,"href":"https:\/\/www.aptitude-informatique.fr\/index.php\/wp-json\/wp\/v2\/pages\/535\/revisions"}],"predecessor-version":[{"id":540,"href":"https:\/\/www.aptitude-informatique.fr\/index.php\/wp-json\/wp\/v2\/pages\/535\/revisions\/540"}],"up":[{"embeddable":true,"href":"https:\/\/www.aptitude-informatique.fr\/index.php\/wp-json\/wp\/v2\/pages\/508"}],"wp:attachment":[{"href":"https:\/\/www.aptitude-informatique.fr\/index.php\/wp-json\/wp\/v2\/media?parent=535"}],"curies":[{"name":"wp","href":"https:\/\/api.w.org\/{rel}","templated":true}]}}