{"id":564,"date":"2021-09-08T10:27:05","date_gmt":"2021-09-08T09:27:05","guid":{"rendered":"https:\/\/www.aptitude-informatique.fr\/?page_id=564"},"modified":"2021-09-08T11:21:17","modified_gmt":"2021-09-08T10:21:17","slug":"politique-relative-aux-cookies","status":"publish","type":"page","link":"https:\/\/www.aptitude-informatique.fr\/index.php\/mentions-legale\/politique-relative-aux-cookies\/","title":{"rendered":"Politique de gestion des cookies"},"content":{"rendered":"<div id=\"fondsite\">\n<div class=\"cli_pg_page_contaner\">\n<h3>\u00c0 propos de notre politique de gestion de cookies<\/h3>\n<div>Cette politique sur les cookies explique ce que sont les cookies et comment nous les utilisons, les types de cookies que nous utilisons, c&rsquo;est-\u00e0-dire les informations que nous collectons \u00e0 l&rsquo;aide des cookies et comment ces informations sont utilis\u00e9es, et comment contr\u00f4ler les pr\u00e9f\u00e9rences des cookies. Pour plus d&rsquo;informations sur la fa\u00e7on dont nous utilisons, stockons et prot\u00e9geons vos donn\u00e9es personnelles, consultez notre Politique de confidentialit\u00e9.<\/p>\n<p>Vous pouvez \u00e0 tout moment modifier ou retirer votre consentement de la d\u00e9claration relative aux cookies sur notre site Web<br \/>\nEn savoir plus sur qui nous sommes, comment vous pouvez nous contacter et comment nous traitons les donn\u00e9es personnelles dans notre politique de confidentialit\u00e9.<br \/>\nVotre consentement s&rsquo;applique aux domaines suivants : www.aptitude-informatique.fr<br \/>\n<div class=\"cli_user_consent_state\">Votre \u00e9tat actuel\u00a0: Aucun consentement donn\u00e9. <a class=\"cli_manage_current_consent\" style=\"cursor:pointer;text-decoration:underline;\">G\u00e9rez votre consentement.<\/a> <\/div><\/p><\/div>\n<h3>Que sont les cookies ?<\/h3>\n<div>Les cookies sont de petits fichiers texte qui sont utilis\u00e9s pour stocker de petites informations. Ils sont stock\u00e9s sur votre appareil lorsque le site Web est charg\u00e9 sur votre navigateur. Ces cookies nous aident \u00e0 faire fonctionner le site Web correctement, \u00e0 le rendre plus s\u00e9curis\u00e9, \u00e0 offrir une meilleure exp\u00e9rience utilisateur, \u00e0 comprendre les performances du site Web et \u00e0 analyser ce qui fonctionne et les points \u00e0 am\u00e9liorer.<\/div>\n<h3>Comment utilisons-nous les cookies\u00a0? <\/h3>\n<div>Comme la plupart des services en ligne, notre site Web utilise des cookies propri\u00e9taires et tiers \u00e0 plusieurs fins. Les cookies internes sont principalement n\u00e9cessaires au bon fonctionnement du site Web et ils ne collectent aucune de vos donn\u00e9es personnellement identifiables.<\/p>\n<p>Les cookies tiers utilis\u00e9s sur notre site Web servent principalement \u00e0 comprendre le fonctionnement du site Web, la fa\u00e7on dont vous interagissez avec notre site Web, la s\u00e9curit\u00e9 de nos services, la fourniture de publicit\u00e9s pertinentes pour vous et, dans l&rsquo;ensemble, un meilleur utilisateur. exp\u00e9rience et aider \u00e0 acc\u00e9l\u00e9rer vos futures interactions avec notre site Web.<\/p><\/div>\n<h3>Quels types de cookies utilisons-nous\u00a0?<\/h3>\n<div>Essentiel\u00a0: certains cookies sont essentiels pour que vous puissiez profiter de toutes les fonctionnalit\u00e9s de notre site. Ils nous permettent de maintenir les sessions utilisateur et de pr\u00e9venir toute menace de s\u00e9curit\u00e9. Ils ne collectent ni ne stockent aucune information personnelle. Par exemple, ces cookies vous permettent de vous connecter \u00e0 votre compte et d&rsquo;ajouter des produits \u00e0 votre panier, et de passer \u00e0 la caisse en toute s\u00e9curit\u00e9.<\/p>\n<p>Statistiques\u00a0: ces cookies stockent des informations telles que le nombre de visiteurs sur le site Web, le nombre de visiteurs uniques, les pages du site Web qui ont \u00e9t\u00e9 visit\u00e9es, la source de la visite, etc. Ces donn\u00e9es nous aident \u00e0 comprendre et \u00e0 analyser les performances du site Web. et o\u00f9 il a besoin d&rsquo;\u00eatre am\u00e9lior\u00e9.<\/p>\n<p>Marketing : Notre site Web affiche des publicit\u00e9s. Ces cookies sont utilis\u00e9s pour personnaliser les publicit\u00e9s que nous vous montrons afin qu&rsquo;elles soient significatives pour vous. Ces cookies nous aident \u00e9galement \u00e0 suivre l&rsquo;efficacit\u00e9 de ces campagnes publicitaires.<br \/>\nLes informations stock\u00e9es dans ces cookies peuvent \u00e9galement \u00eatre utilis\u00e9es par les fournisseurs de publicit\u00e9 tiers pour vous montrer \u00e9galement des publicit\u00e9s sur d&rsquo;autres sites Web sur le navigateur.<\/p>\n<p>Fonctionnel : Il s&rsquo;agit des cookies qui aident certaines fonctionnalit\u00e9s non essentielles de notre site Web. Ces fonctionnalit\u00e9s incluent l&rsquo;int\u00e9gration de contenu comme des vid\u00e9os ou le partage de contenu du site Web sur les plateformes de m\u00e9dias sociaux.<\/p>\n<p>Pr\u00e9f\u00e9rences\u00a0: ces cookies nous aident \u00e0 stocker vos param\u00e8tres et vos pr\u00e9f\u00e9rences de navigation, comme les pr\u00e9f\u00e9rences de langue, afin que vous ayez une exp\u00e9rience meilleure et efficace lors de vos futures visites sur le site Web.<br \/>\n<table class=\"cookielawinfo-row-cat-table cookielawinfo-classic\"><thead><tr><th class=\"cookielawinfo-column-1\">Cookie<\/th><th class=\"cookielawinfo-column-2\">Type<\/th><th class=\"cookielawinfo-column-3\">Dur\u00e9e<\/th><th class=\"cookielawinfo-column-4\">Description<\/th><\/tr><\/thead><tbody><tr class=\"cookielawinfo-row\"><td class=\"cookielawinfo-column-1\">cookielawinfo-checkbox-analytics<\/td><td class=\"cookielawinfo-column-2\">0<\/td><td class=\"cookielawinfo-column-3\">11 months<\/td><td class=\"cookielawinfo-column-4\">Ce cookie est d\u00e9fini par le plugin GDPR Cookie Consent. Le cookie est utilis\u00e9 pour stocker le consentement de l'utilisateur pour les cookies dans la cat\u00e9gorie \u00ab Analytics \u00bb. <\/td><\/tr><tr class=\"cookielawinfo-row\"><td class=\"cookielawinfo-column-1\">cookielawinfo-checkbox-autres<\/td><td class=\"cookielawinfo-column-2\"><\/td><td class=\"cookielawinfo-column-3\">1 year<\/td><td class=\"cookielawinfo-column-4\">Pas de description disponible.<\/td><\/tr><tr class=\"cookielawinfo-row\"><td class=\"cookielawinfo-column-1\">cookielawinfo-checkbox-fonctionnel<\/td><td class=\"cookielawinfo-column-2\"><\/td><td class=\"cookielawinfo-column-3\">1 year<\/td><td class=\"cookielawinfo-column-4\">Pas de description disponible.<\/td><\/tr><tr class=\"cookielawinfo-row\"><td class=\"cookielawinfo-column-1\">cookielawinfo-checkbox-functional<\/td><td class=\"cookielawinfo-column-2\">0<\/td><td class=\"cookielawinfo-column-3\">11 months<\/td><td class=\"cookielawinfo-column-4\">Le cookie est d\u00e9fini par le consentement des cookies GDPR pour enregistrer le consentement de l'utilisateur pour les cookies dans la cat\u00e9gorie \u00ab\u00a0Fonctionnel\u00a0\u00bb.<\/td><\/tr><tr class=\"cookielawinfo-row\"><td class=\"cookielawinfo-column-1\">cookielawinfo-checkbox-necessaire<\/td><td class=\"cookielawinfo-column-2\"><\/td><td class=\"cookielawinfo-column-3\">1 year<\/td><td class=\"cookielawinfo-column-4\">Pas de description disponible.<\/td><\/tr><tr class=\"cookielawinfo-row\"><td class=\"cookielawinfo-column-1\">cookielawinfo-checkbox-necessary<\/td><td class=\"cookielawinfo-column-2\">0<\/td><td class=\"cookielawinfo-column-3\">11 months<\/td><td class=\"cookielawinfo-column-4\">Ce cookie est d\u00e9fini par le plugin GDPR Cookie Consent. Les cookies sont utilis\u00e9s pour stocker le consentement de l'utilisateur pour les cookies dans la cat\u00e9gorie \"N\u00e9cessaire\".<\/td><\/tr><tr class=\"cookielawinfo-row\"><td class=\"cookielawinfo-column-1\">cookielawinfo-checkbox-others<\/td><td class=\"cookielawinfo-column-2\">0<\/td><td class=\"cookielawinfo-column-3\">11 months<\/td><td class=\"cookielawinfo-column-4\">Ce cookie est d\u00e9fini par le plugin GDPR Cookie Consent. Le cookie est utilis\u00e9 pour stocker le consentement de l'utilisateur pour les cookies dans la cat\u00e9gorie \"Autre\". <\/td><\/tr><tr class=\"cookielawinfo-row\"><td class=\"cookielawinfo-column-1\">cookielawinfo-checkbox-performance<\/td><td class=\"cookielawinfo-column-2\">0<\/td><td class=\"cookielawinfo-column-3\">11 months<\/td><td class=\"cookielawinfo-column-4\">Ce cookie est d\u00e9fini par le plugin GDPR Cookie Consent. Le cookie est utilis\u00e9 pour stocker le consentement de l'utilisateur pour les cookies dans la cat\u00e9gorie \u00ab Performance \u00bb. <\/td><\/tr><tr class=\"cookielawinfo-row\"><td class=\"cookielawinfo-column-1\">cookielawinfo-checkbox-publicite<\/td><td class=\"cookielawinfo-column-2\"><\/td><td class=\"cookielawinfo-column-3\">1 year<\/td><td class=\"cookielawinfo-column-4\">Pas de description disponible.<\/td><\/tr><tr class=\"cookielawinfo-row\"><td class=\"cookielawinfo-column-1\">NID<\/td><td class=\"cookielawinfo-column-2\"><\/td><td class=\"cookielawinfo-column-3\">6 months<\/td><td class=\"cookielawinfo-column-4\">Le cookie NID, d\u00e9fini par Google, est utilis\u00e9 \u00e0 des fins publicitaires ; pour limiter le nombre de fois o\u00f9 l'utilisateur voit une publicit\u00e9, pour d\u00e9sactiver les publicit\u00e9s ind\u00e9sirables et pour mesurer l'efficacit\u00e9 des publicit\u00e9s.<\/td><\/tr><tr class=\"cookielawinfo-row\"><td class=\"cookielawinfo-column-1\">tk_ai<\/td><td class=\"cookielawinfo-column-2\"><\/td><td class=\"cookielawinfo-column-3\">5 years<\/td><td class=\"cookielawinfo-column-4\">Rassemble des informations pour WordPress par eux-m\u00eames, outil d'analyse de premi\u00e8re partie sur la fa\u00e7on dont les services WP sont utilis\u00e9s. Une collection de m\u00e9triques internes pour l'activit\u00e9 de l'utilisateur, utilis\u00e9e pour am\u00e9liorer l'exp\u00e9rience utilisateur.<\/td><\/tr><tr class=\"cookielawinfo-row\"><td class=\"cookielawinfo-column-1\">tk_lr<\/td><td class=\"cookielawinfo-column-2\"><\/td><td class=\"cookielawinfo-column-3\">1 year<\/td><td class=\"cookielawinfo-column-4\">Le tk_lr est un cookie de r\u00e9f\u00e9rence d\u00e9fini par le plugin JetPack sur les sites utilisant WooCommerce, qui analyse le comportement du r\u00e9f\u00e9rent pour Jetpack.<\/td><\/tr><tr class=\"cookielawinfo-row\"><td class=\"cookielawinfo-column-1\">tk_or<\/td><td class=\"cookielawinfo-column-2\"><\/td><td class=\"cookielawinfo-column-3\">5 years<\/td><td class=\"cookielawinfo-column-4\">Le tk_or est un cookie de r\u00e9f\u00e9rence d\u00e9fini par le plugin JetPack sur les sites utilisant WooCommerce, qui analyse le comportement du r\u00e9f\u00e9rent pour Jetpack.<\/td><\/tr><tr class=\"cookielawinfo-row\"><td class=\"cookielawinfo-column-1\">tk_qs<\/td><td class=\"cookielawinfo-column-2\"><\/td><td class=\"cookielawinfo-column-3\">30 minutes<\/td><td class=\"cookielawinfo-column-4\">Rassemble des informations pour WordPress par eux-m\u00eames, outil d'analyse de premi\u00e8re partie sur la fa\u00e7on dont les services WP sont utilis\u00e9s. Une collection de m\u00e9triques internes pour l'activit\u00e9 de l'utilisateur, utilis\u00e9e pour am\u00e9liorer l'exp\u00e9rience utilisateur.<\/td><\/tr><tr class=\"cookielawinfo-row\"><td class=\"cookielawinfo-column-1\">tk_r3d<\/td><td class=\"cookielawinfo-column-2\"><\/td><td class=\"cookielawinfo-column-3\">3 days<\/td><td class=\"cookielawinfo-column-4\">JetPack installe ce cookie pour collecter des m\u00e9triques internes pour l'activit\u00e9 de l'utilisateur et \u00e0 son tour am\u00e9liorer l'exp\u00e9rience utilisateur.<\/td><\/tr><tr class=\"cookielawinfo-row\"><td class=\"cookielawinfo-column-1\">viewed_cookie_policy<\/td><td class=\"cookielawinfo-column-2\">0<\/td><td class=\"cookielawinfo-column-3\">11 months<\/td><td class=\"cookielawinfo-column-4\">Le cookie est d\u00e9fini par le plugin GDPR Cookie Consent et est utilis\u00e9 pour stocker si l'utilisateur a consenti ou non \u00e0 l'utilisation de cookies. Il ne stocke aucune donn\u00e9e personnelle. <\/td><\/tr><tr class=\"cookielawinfo-row\"><td class=\"cookielawinfo-column-1\">_ga<\/td><td class=\"cookielawinfo-column-2\"><\/td><td class=\"cookielawinfo-column-3\">2 years<\/td><td class=\"cookielawinfo-column-4\">Le cookie _ga, install\u00e9 par Google Analytics, calcule les donn\u00e9es des visiteurs, des sessions et des campagnes et assure \u00e9galement le suivi de l'utilisation du site pour le rapport d'analyse du site. Le cookie stocke des informations de mani\u00e8re anonyme et attribue un num\u00e9ro g\u00e9n\u00e9r\u00e9 de mani\u00e8re al\u00e9atoire pour reconna\u00eetre les visiteurs uniques.<\/td><\/tr><tr class=\"cookielawinfo-row\"><td class=\"cookielawinfo-column-1\">_gat_gtag_UA_146961465_1<\/td><td class=\"cookielawinfo-column-2\"><\/td><td class=\"cookielawinfo-column-3\">1 minute<\/td><td class=\"cookielawinfo-column-4\">Ce cookie est d\u00e9fini par Google et est utilis\u00e9 pour distinguer les utilisateurs.<\/td><\/tr><tr class=\"cookielawinfo-row\"><td class=\"cookielawinfo-column-1\">_gid<\/td><td class=\"cookielawinfo-column-2\"><\/td><td class=\"cookielawinfo-column-3\">1 day<\/td><td class=\"cookielawinfo-column-4\">Install\u00e9 par Google Analytics, le cookie _gid stocke des informations sur la fa\u00e7on dont les visiteurs utilisent un site Web, tout en cr\u00e9ant \u00e9galement un rapport d'analyse des performances du site Web. Certaines des donn\u00e9es collect\u00e9es incluent le nombre de visiteurs, leur source et les pages qu'ils visitent de mani\u00e8re anonyme.<\/td><\/tr><tr class=\"cookielawinfo-row\"><td class=\"cookielawinfo-column-1\">_GRECAPTCHA<\/td><td class=\"cookielawinfo-column-2\"><\/td><td class=\"cookielawinfo-column-3\">5 months 27 days<\/td><td class=\"cookielawinfo-column-4\">Ce cookie est d\u00e9fini par Google. En plus de certains cookies standard de Google, reCAPTCHA d\u00e9finit un cookie n\u00e9cessaire (_GRECAPTCHA) lorsqu'il est ex\u00e9cut\u00e9 dans le but de fournir son analyse des risques.<\/td><\/tr><\/tbody><\/table><\/p><\/div>\n<h3>Comment puis-je contr\u00f4ler les pr\u00e9f\u00e9rences en mati\u00e8re de cookies\u00a0?<\/h3>\n<div>Devez-vous d\u00e9cider pour modifier vos pr\u00e9f\u00e9rences ult\u00e9rieurement au cours de votre session de navigation, vous pouvez cliquer sur l&rsquo;onglet \u00ab\u00a0Politique de confidentialit\u00e9 &amp; Cookies\u00a0\u00bb de votre \u00e9cran. Cela affichera \u00e0 nouveau l&rsquo;avis de consentement vous permettant de modifier vos pr\u00e9f\u00e9rences ou de retirer compl\u00e8tement votre consentement.<\/p>\n<p>En plus de cela, diff\u00e9rents navigateurs proposent diff\u00e9rentes m\u00e9thodes pour bloquer et supprimer les cookies utilis\u00e9s par les sites Web. Vous pouvez modifier les param\u00e8tres de votre navigateur pour bloquer\/supprimer les cookies. Pour en savoir plus sur la gestion et la suppression des cookies, visitez wikipedia.org, www.allaboutcookies.org.<\/p><\/div>\n<\/div>\n<\/div>\n","protected":false},"excerpt":{"rendered":"<p>\u00c0 propos de notre politique de gestion de cookies Cette politique sur les cookies explique ce que sont les cookies et comment nous les utilisons, les types de cookies que nous utilisons, c&rsquo;est-\u00e0-dire les informations que nous collectons \u00e0 l&rsquo;aide des cookies et comment ces informations sont utilis\u00e9es, et comment contr\u00f4ler les pr\u00e9f\u00e9rences des cookies.<br \/><a class=\"moretag\" href=\"https:\/\/www.aptitude-informatique.fr\/index.php\/mentions-legale\/politique-relative-aux-cookies\/\">+ Read More<\/a><\/p>\n","protected":false},"author":2,"featured_media":0,"parent":10,"menu_order":0,"comment_status":"closed","ping_status":"closed","template":"","meta":{"jetpack_post_was_ever_published":false,"footnotes":""},"class_list":["post-564","page","type-page","status-publish","hentry"],"yoast_head":"<!-- This site is optimized with the Yoast SEO plugin v23.4 - https:\/\/yoast.com\/wordpress\/plugins\/seo\/ -->\n<title>Politique de gestion des cookies - APTITUDE INFORMATIQUE<\/title>\n<meta name=\"robots\" content=\"index, follow, max-snippet:-1, max-image-preview:large, max-video-preview:-1\" \/>\n<link rel=\"canonical\" href=\"https:\/\/www.aptitude-informatique.fr\/index.php\/mentions-legale\/politique-relative-aux-cookies\/\" \/>\n<meta property=\"og:locale\" content=\"fr_FR\" \/>\n<meta property=\"og:type\" content=\"article\" \/>\n<meta property=\"og:title\" content=\"Politique de gestion des cookies - APTITUDE INFORMATIQUE\" \/>\n<meta property=\"og:description\" content=\"\u00c0 propos de notre politique de gestion de cookies Cette politique sur les cookies explique ce que sont les cookies et comment nous les utilisons, les types de cookies que nous utilisons, c&rsquo;est-\u00e0-dire les informations que nous collectons \u00e0 l&rsquo;aide des cookies et comment ces informations sont utilis\u00e9es, et comment contr\u00f4ler les pr\u00e9f\u00e9rences des cookies.+ Read More\" \/>\n<meta property=\"og:url\" content=\"https:\/\/www.aptitude-informatique.fr\/index.php\/mentions-legale\/politique-relative-aux-cookies\/\" \/>\n<meta property=\"og:site_name\" content=\"APTITUDE INFORMATIQUE\" \/>\n<meta property=\"article:modified_time\" content=\"2021-09-08T10:21:17+00:00\" \/>\n<meta name=\"twitter:card\" content=\"summary_large_image\" \/>\n<meta name=\"twitter:label1\" content=\"Dur\u00e9e de lecture estim\u00e9e\" \/>\n\t<meta name=\"twitter:data1\" content=\"4 minutes\" \/>\n<script type=\"application\/ld+json\" class=\"yoast-schema-graph\">{\"@context\":\"https:\/\/schema.org\",\"@graph\":[{\"@type\":\"WebPage\",\"@id\":\"https:\/\/www.aptitude-informatique.fr\/index.php\/mentions-legale\/politique-relative-aux-cookies\/\",\"url\":\"https:\/\/www.aptitude-informatique.fr\/index.php\/mentions-legale\/politique-relative-aux-cookies\/\",\"name\":\"Politique de gestion des cookies - APTITUDE INFORMATIQUE\",\"isPartOf\":{\"@id\":\"https:\/\/www.aptitude-informatique.fr\/#website\"},\"datePublished\":\"2021-09-08T09:27:05+00:00\",\"dateModified\":\"2021-09-08T10:21:17+00:00\",\"breadcrumb\":{\"@id\":\"https:\/\/www.aptitude-informatique.fr\/index.php\/mentions-legale\/politique-relative-aux-cookies\/#breadcrumb\"},\"inLanguage\":\"fr-FR\",\"potentialAction\":[{\"@type\":\"ReadAction\",\"target\":[\"https:\/\/www.aptitude-informatique.fr\/index.php\/mentions-legale\/politique-relative-aux-cookies\/\"]}]},{\"@type\":\"BreadcrumbList\",\"@id\":\"https:\/\/www.aptitude-informatique.fr\/index.php\/mentions-legale\/politique-relative-aux-cookies\/#breadcrumb\",\"itemListElement\":[{\"@type\":\"ListItem\",\"position\":1,\"name\":\"Accueil\",\"item\":\"https:\/\/www.aptitude-informatique.fr\/\"},{\"@type\":\"ListItem\",\"position\":2,\"name\":\"Mentions L\u00e9gale\",\"item\":\"https:\/\/www.aptitude-informatique.fr\/index.php\/mentions-legale\/\"},{\"@type\":\"ListItem\",\"position\":3,\"name\":\"Politique de gestion des cookies\"}]},{\"@type\":\"WebSite\",\"@id\":\"https:\/\/www.aptitude-informatique.fr\/#website\",\"url\":\"https:\/\/www.aptitude-informatique.fr\/\",\"name\":\"APTITUDE INFORMATIQUE\",\"description\":\"Conseil - Formation - Cr\u00e9ation\",\"potentialAction\":[{\"@type\":\"SearchAction\",\"target\":{\"@type\":\"EntryPoint\",\"urlTemplate\":\"https:\/\/www.aptitude-informatique.fr\/?s={search_term_string}\"},\"query-input\":{\"@type\":\"PropertyValueSpecification\",\"valueRequired\":true,\"valueName\":\"search_term_string\"}}],\"inLanguage\":\"fr-FR\"}]}<\/script>\n<!-- \/ Yoast SEO plugin. -->","yoast_head_json":{"title":"Politique de gestion des cookies - APTITUDE INFORMATIQUE","robots":{"index":"index","follow":"follow","max-snippet":"max-snippet:-1","max-image-preview":"max-image-preview:large","max-video-preview":"max-video-preview:-1"},"canonical":"https:\/\/www.aptitude-informatique.fr\/index.php\/mentions-legale\/politique-relative-aux-cookies\/","og_locale":"fr_FR","og_type":"article","og_title":"Politique de gestion des cookies - APTITUDE INFORMATIQUE","og_description":"\u00c0 propos de notre politique de gestion de cookies Cette politique sur les cookies explique ce que sont les cookies et comment nous les utilisons, les types de cookies que nous utilisons, c&rsquo;est-\u00e0-dire les informations que nous collectons \u00e0 l&rsquo;aide des cookies et comment ces informations sont utilis\u00e9es, et comment contr\u00f4ler les pr\u00e9f\u00e9rences des cookies.+ Read More","og_url":"https:\/\/www.aptitude-informatique.fr\/index.php\/mentions-legale\/politique-relative-aux-cookies\/","og_site_name":"APTITUDE INFORMATIQUE","article_modified_time":"2021-09-08T10:21:17+00:00","twitter_card":"summary_large_image","twitter_misc":{"Dur\u00e9e de lecture estim\u00e9e":"4 minutes"},"schema":{"@context":"https:\/\/schema.org","@graph":[{"@type":"WebPage","@id":"https:\/\/www.aptitude-informatique.fr\/index.php\/mentions-legale\/politique-relative-aux-cookies\/","url":"https:\/\/www.aptitude-informatique.fr\/index.php\/mentions-legale\/politique-relative-aux-cookies\/","name":"Politique de gestion des cookies - APTITUDE INFORMATIQUE","isPartOf":{"@id":"https:\/\/www.aptitude-informatique.fr\/#website"},"datePublished":"2021-09-08T09:27:05+00:00","dateModified":"2021-09-08T10:21:17+00:00","breadcrumb":{"@id":"https:\/\/www.aptitude-informatique.fr\/index.php\/mentions-legale\/politique-relative-aux-cookies\/#breadcrumb"},"inLanguage":"fr-FR","potentialAction":[{"@type":"ReadAction","target":["https:\/\/www.aptitude-informatique.fr\/index.php\/mentions-legale\/politique-relative-aux-cookies\/"]}]},{"@type":"BreadcrumbList","@id":"https:\/\/www.aptitude-informatique.fr\/index.php\/mentions-legale\/politique-relative-aux-cookies\/#breadcrumb","itemListElement":[{"@type":"ListItem","position":1,"name":"Accueil","item":"https:\/\/www.aptitude-informatique.fr\/"},{"@type":"ListItem","position":2,"name":"Mentions L\u00e9gale","item":"https:\/\/www.aptitude-informatique.fr\/index.php\/mentions-legale\/"},{"@type":"ListItem","position":3,"name":"Politique de gestion des cookies"}]},{"@type":"WebSite","@id":"https:\/\/www.aptitude-informatique.fr\/#website","url":"https:\/\/www.aptitude-informatique.fr\/","name":"APTITUDE INFORMATIQUE","description":"Conseil - Formation - Cr\u00e9ation","potentialAction":[{"@type":"SearchAction","target":{"@type":"EntryPoint","urlTemplate":"https:\/\/www.aptitude-informatique.fr\/?s={search_term_string}"},"query-input":{"@type":"PropertyValueSpecification","valueRequired":true,"valueName":"search_term_string"}}],"inLanguage":"fr-FR"}]}},"jetpack_sharing_enabled":true,"jetpack_shortlink":"https:\/\/wp.me\/P7ibsz-96","jetpack-related-posts":[],"_links":{"self":[{"href":"https:\/\/www.aptitude-informatique.fr\/index.php\/wp-json\/wp\/v2\/pages\/564"}],"collection":[{"href":"https:\/\/www.aptitude-informatique.fr\/index.php\/wp-json\/wp\/v2\/pages"}],"about":[{"href":"https:\/\/www.aptitude-informatique.fr\/index.php\/wp-json\/wp\/v2\/types\/page"}],"author":[{"embeddable":true,"href":"https:\/\/www.aptitude-informatique.fr\/index.php\/wp-json\/wp\/v2\/users\/2"}],"replies":[{"embeddable":true,"href":"https:\/\/www.aptitude-informatique.fr\/index.php\/wp-json\/wp\/v2\/comments?post=564"}],"version-history":[{"count":6,"href":"https:\/\/www.aptitude-informatique.fr\/index.php\/wp-json\/wp\/v2\/pages\/564\/revisions"}],"predecessor-version":[{"id":589,"href":"https:\/\/www.aptitude-informatique.fr\/index.php\/wp-json\/wp\/v2\/pages\/564\/revisions\/589"}],"up":[{"embeddable":true,"href":"https:\/\/www.aptitude-informatique.fr\/index.php\/wp-json\/wp\/v2\/pages\/10"}],"wp:attachment":[{"href":"https:\/\/www.aptitude-informatique.fr\/index.php\/wp-json\/wp\/v2\/media?parent=564"}],"curies":[{"name":"wp","href":"https:\/\/api.w.org\/{rel}","templated":true}]}}