{"id":626,"date":"2021-09-13T13:35:10","date_gmt":"2021-09-13T12:35:10","guid":{"rendered":"https:\/\/www.aptitude-informatique.fr\/?page_id=626"},"modified":"2021-09-14T07:44:23","modified_gmt":"2021-09-14T06:44:23","slug":"decouverte-de-linformatique","status":"publish","type":"page","link":"https:\/\/www.aptitude-informatique.fr\/index.php\/formations\/nos-formations\/decouverte-de-linformatique\/","title":{"rendered":"D\u00e9couverte de l&rsquo;informatique"},"content":{"rendered":"<div class=\"colonnes\">\n<div class=\"clearfix\">\n<div class=\"colgauche\">\n<p class=\"boutons\"><a href=\"https:\/\/www.aptitude-informatique.fr\/wp-content\/uploads\/plansite\/Decouverte-Informatique.pdf\" target=\"_blank\" class=\"Team\" rel=\"noopener noreferrer\">Telecharger le PDF<\/a><\/p>\n<p><\/p>\n<div class=\"blg\">\n<h4>Tarifs<\/h4>\n<p>Intra \u00e0 partir de 1400 \u20ac<\/p>\n<\/p><\/div>\n<div class=\"blg\">\n<h4>Public cibl\u00e9<\/h4>\n<p>Tout public<\/p>\n<\/p><\/div>\n<div class=\"blg\">\n<h4>Niveau requis<\/h4>\n<p>Aucun<\/p>\n<\/p><\/div>\n<div class=\"blg\">\n<h4>Objectifs formation<\/h4>\n<p>Apprendre \u00e0 utiliser un ordinateur, sous l&rsquo;environnement Windows.<br \/>\n\t\tUtiliser les outils bureautiques et travailler avec Internet.<\/p>\n<\/p><\/div>\n<div class=\"blg\">\n<h4>Moyens p\u00e9dagogiques<\/h4>\n<p>\u2022 Grilles d\u2018\u00e9valuation de niveau.<br \/>\n\t\t\u2022 Formateurs avec une exp\u00e9riences professionnelles et des comp\u00e9tences p\u00e9dagogiques<br \/>\n\t\t\u2022 6 personnes maximum \/ stage<br \/>\n\t\t\u2022 1 ordinateur par personne<br \/>\n\t\t\u2022 Chaque notion est expliqu\u00e9e au tableau et suivie imm\u00e9diatement d\u2019un exercice pratique.<br \/>\n\t\t\u2022 Les exercices \u00e9voluent en difficult\u00e9 au fur et \u00e0 mesure du stage.<br \/>\n\t\t\u2022 Un support de cours sera remis \u00e0 chaque participant en fin de formation.<br \/>\n\t\t\u2022 Assistance t\u00e9l\u00e9phonique gratuite.<\/p>\n<\/p><\/div>\n<div class=\"blg\">\n<h4>Dur\u00e9e de la formation<\/h4>\n<p>De 21h \u00e0 35 heures<\/p>\n<\/p><\/div>\n<div class=\"blg\">\n<h4>Contact<\/h4>\n<h3>APTITUDE INFORMATIQUE<\/h3>\n<p>22 rue du Bignon &#8211; 35000 &#8211; RENNES<\/p>\n<p>02 99 26 31 57<\/p>\n<p>contact@aptitude-informatique.fr<\/p>\n<\/p><\/div>\n<div class=\"blg\">\n<h4>D\u00e9lai d\u2019acceptation<\/h4>\n<p>Mise en place de vos cours d\u00e8s acceptation du financement.<\/p>\n<\/p><\/div>\n<div class=\"blg\">\n<h4>Accessibilit\u00e9 Handicap\u00e9<\/h4>\n<p>Conditions d\u2019accueil et d\u2019acc\u00e8s au public en situation d\u2019 handicap en fonction du lieu d&rsquo;accueil du client.<\/p>\n<\/p><\/div>\n<\/p><\/div>\n<div class=\"coldroite\">\n<h4>Prise en main de l\u2019ordinateur sous environnement Windows<\/h4>\n<p>Utilisation de la souris et du Clavier<br \/>\n\tLe bureau : les ic\u00f4nes et les Raccourcis<br \/>\n\tLa barre des t\u00e2ches en d\u00e9tail<br \/>\n\tLes fen\u00eatres<br \/>\n\tLes Dossiers et les Fichiers<br \/>\n\tLes programmes<br \/>\n\tLa corbeille<br \/>\n\tNettoyage du disque dur<br \/>\n\tT\u00e9l\u00e9charger et installer un anti-virus<\/p>\n<h4>Traitement de Texte Word<\/h4>\n<p>Cr\u00e9er un document<br \/>\n\tFormats, Mise en Page et Impression<br \/>\n\tIns\u00e9rer des images<\/p>\n<h4>Internet<\/h4>\n<p>Naviguer et Rechercher sur Internet<br \/>\n\tT\u00e9l\u00e9charger et Installer un utilitaire<\/p>\n<h4>Messagerie Electronique<\/h4>\n<p>Cr\u00e9er une adresse email<br \/>\n\tEnvoyer et recevoir des messages<br \/>\n\tAjouter des pi\u00e8ces jointes<\/p>\n<\/div>\n<\/div>\n<\/div>\n","protected":false},"excerpt":{"rendered":"<p>Telecharger le PDF Tarifs Intra \u00e0 partir de 1400 \u20ac Public cibl\u00e9 Tout public Niveau requis Aucun Objectifs formation Apprendre \u00e0 utiliser un ordinateur, sous l&rsquo;environnement Windows. Utiliser les outils bureautiques et travailler avec Internet. Moyens p\u00e9dagogiques \u2022 Grilles d\u2018\u00e9valuation de niveau. \u2022 Formateurs avec une exp\u00e9riences professionnelles et des comp\u00e9tences p\u00e9dagogiques \u2022 6 personnes<br \/><a class=\"moretag\" href=\"https:\/\/www.aptitude-informatique.fr\/index.php\/formations\/nos-formations\/decouverte-de-linformatique\/\">+ Read More<\/a><\/p>\n","protected":false},"author":2,"featured_media":0,"parent":508,"menu_order":0,"comment_status":"closed","ping_status":"closed","template":"","meta":{"jetpack_post_was_ever_published":false,"footnotes":""},"class_list":["post-626","page","type-page","status-publish","hentry"],"yoast_head":"<!-- This site is optimized with the Yoast SEO plugin v23.4 - https:\/\/yoast.com\/wordpress\/plugins\/seo\/ -->\n<title>D\u00e9couverte de l&#039;informatique - APTITUDE INFORMATIQUE<\/title>\n<meta name=\"robots\" content=\"noindex, nofollow\" \/>\n<meta property=\"og:locale\" content=\"fr_FR\" \/>\n<meta property=\"og:type\" content=\"article\" \/>\n<meta property=\"og:title\" content=\"D\u00e9couverte de l&#039;informatique - APTITUDE INFORMATIQUE\" \/>\n<meta property=\"og:description\" content=\"Telecharger le PDF Tarifs Intra \u00e0 partir de 1400 \u20ac Public cibl\u00e9 Tout public Niveau requis Aucun Objectifs formation Apprendre \u00e0 utiliser un ordinateur, sous l&rsquo;environnement Windows. Utiliser les outils bureautiques et travailler avec Internet. Moyens p\u00e9dagogiques \u2022 Grilles d\u2018\u00e9valuation de niveau. \u2022 Formateurs avec une exp\u00e9riences professionnelles et des comp\u00e9tences p\u00e9dagogiques \u2022 6 personnes+ Read More\" \/>\n<meta property=\"og:url\" content=\"https:\/\/www.aptitude-informatique.fr\/index.php\/formations\/nos-formations\/decouverte-de-linformatique\/\" \/>\n<meta property=\"og:site_name\" content=\"APTITUDE INFORMATIQUE\" \/>\n<meta property=\"article:modified_time\" content=\"2021-09-14T06:44:23+00:00\" \/>\n<meta name=\"twitter:card\" content=\"summary_large_image\" \/>\n<meta name=\"twitter:label1\" content=\"Dur\u00e9e de lecture estim\u00e9e\" \/>\n\t<meta name=\"twitter:data1\" content=\"1 minute\" \/>\n<script type=\"application\/ld+json\" class=\"yoast-schema-graph\">{\"@context\":\"https:\/\/schema.org\",\"@graph\":[{\"@type\":\"WebPage\",\"@id\":\"https:\/\/www.aptitude-informatique.fr\/index.php\/formations\/nos-formations\/decouverte-de-linformatique\/\",\"url\":\"https:\/\/www.aptitude-informatique.fr\/index.php\/formations\/nos-formations\/decouverte-de-linformatique\/\",\"name\":\"D\u00e9couverte de l'informatique - APTITUDE INFORMATIQUE\",\"isPartOf\":{\"@id\":\"https:\/\/www.aptitude-informatique.fr\/#website\"},\"datePublished\":\"2021-09-13T12:35:10+00:00\",\"dateModified\":\"2021-09-14T06:44:23+00:00\",\"breadcrumb\":{\"@id\":\"https:\/\/www.aptitude-informatique.fr\/index.php\/formations\/nos-formations\/decouverte-de-linformatique\/#breadcrumb\"},\"inLanguage\":\"fr-FR\",\"potentialAction\":[{\"@type\":\"ReadAction\",\"target\":[\"https:\/\/www.aptitude-informatique.fr\/index.php\/formations\/nos-formations\/decouverte-de-linformatique\/\"]}]},{\"@type\":\"BreadcrumbList\",\"@id\":\"https:\/\/www.aptitude-informatique.fr\/index.php\/formations\/nos-formations\/decouverte-de-linformatique\/#breadcrumb\",\"itemListElement\":[{\"@type\":\"ListItem\",\"position\":1,\"name\":\"Accueil\",\"item\":\"https:\/\/www.aptitude-informatique.fr\/\"},{\"@type\":\"ListItem\",\"position\":2,\"name\":\"Formations\",\"item\":\"https:\/\/www.aptitude-informatique.fr\/index.php\/formations\/\"},{\"@type\":\"ListItem\",\"position\":3,\"name\":\"Nos formations\",\"item\":\"https:\/\/www.aptitude-informatique.fr\/index.php\/formations\/nos-formations\/\"},{\"@type\":\"ListItem\",\"position\":4,\"name\":\"D\u00e9couverte de l&rsquo;informatique\"}]},{\"@type\":\"WebSite\",\"@id\":\"https:\/\/www.aptitude-informatique.fr\/#website\",\"url\":\"https:\/\/www.aptitude-informatique.fr\/\",\"name\":\"APTITUDE INFORMATIQUE\",\"description\":\"Conseil - Formation - Cr\u00e9ation\",\"potentialAction\":[{\"@type\":\"SearchAction\",\"target\":{\"@type\":\"EntryPoint\",\"urlTemplate\":\"https:\/\/www.aptitude-informatique.fr\/?s={search_term_string}\"},\"query-input\":{\"@type\":\"PropertyValueSpecification\",\"valueRequired\":true,\"valueName\":\"search_term_string\"}}],\"inLanguage\":\"fr-FR\"}]}<\/script>\n<!-- \/ Yoast SEO plugin. -->","yoast_head_json":{"title":"D\u00e9couverte de l'informatique - APTITUDE INFORMATIQUE","robots":{"index":"noindex","follow":"nofollow"},"og_locale":"fr_FR","og_type":"article","og_title":"D\u00e9couverte de l'informatique - APTITUDE INFORMATIQUE","og_description":"Telecharger le PDF Tarifs Intra \u00e0 partir de 1400 \u20ac Public cibl\u00e9 Tout public Niveau requis Aucun Objectifs formation Apprendre \u00e0 utiliser un ordinateur, sous l&rsquo;environnement Windows. Utiliser les outils bureautiques et travailler avec Internet. Moyens p\u00e9dagogiques \u2022 Grilles d\u2018\u00e9valuation de niveau. \u2022 Formateurs avec une exp\u00e9riences professionnelles et des comp\u00e9tences p\u00e9dagogiques \u2022 6 personnes+ Read More","og_url":"https:\/\/www.aptitude-informatique.fr\/index.php\/formations\/nos-formations\/decouverte-de-linformatique\/","og_site_name":"APTITUDE INFORMATIQUE","article_modified_time":"2021-09-14T06:44:23+00:00","twitter_card":"summary_large_image","twitter_misc":{"Dur\u00e9e de lecture estim\u00e9e":"1 minute"},"schema":{"@context":"https:\/\/schema.org","@graph":[{"@type":"WebPage","@id":"https:\/\/www.aptitude-informatique.fr\/index.php\/formations\/nos-formations\/decouverte-de-linformatique\/","url":"https:\/\/www.aptitude-informatique.fr\/index.php\/formations\/nos-formations\/decouverte-de-linformatique\/","name":"D\u00e9couverte de l'informatique - APTITUDE INFORMATIQUE","isPartOf":{"@id":"https:\/\/www.aptitude-informatique.fr\/#website"},"datePublished":"2021-09-13T12:35:10+00:00","dateModified":"2021-09-14T06:44:23+00:00","breadcrumb":{"@id":"https:\/\/www.aptitude-informatique.fr\/index.php\/formations\/nos-formations\/decouverte-de-linformatique\/#breadcrumb"},"inLanguage":"fr-FR","potentialAction":[{"@type":"ReadAction","target":["https:\/\/www.aptitude-informatique.fr\/index.php\/formations\/nos-formations\/decouverte-de-linformatique\/"]}]},{"@type":"BreadcrumbList","@id":"https:\/\/www.aptitude-informatique.fr\/index.php\/formations\/nos-formations\/decouverte-de-linformatique\/#breadcrumb","itemListElement":[{"@type":"ListItem","position":1,"name":"Accueil","item":"https:\/\/www.aptitude-informatique.fr\/"},{"@type":"ListItem","position":2,"name":"Formations","item":"https:\/\/www.aptitude-informatique.fr\/index.php\/formations\/"},{"@type":"ListItem","position":3,"name":"Nos formations","item":"https:\/\/www.aptitude-informatique.fr\/index.php\/formations\/nos-formations\/"},{"@type":"ListItem","position":4,"name":"D\u00e9couverte de l&rsquo;informatique"}]},{"@type":"WebSite","@id":"https:\/\/www.aptitude-informatique.fr\/#website","url":"https:\/\/www.aptitude-informatique.fr\/","name":"APTITUDE INFORMATIQUE","description":"Conseil - Formation - Cr\u00e9ation","potentialAction":[{"@type":"SearchAction","target":{"@type":"EntryPoint","urlTemplate":"https:\/\/www.aptitude-informatique.fr\/?s={search_term_string}"},"query-input":{"@type":"PropertyValueSpecification","valueRequired":true,"valueName":"search_term_string"}}],"inLanguage":"fr-FR"}]}},"jetpack_sharing_enabled":true,"jetpack_shortlink":"https:\/\/wp.me\/P7ibsz-a6","jetpack-related-posts":[],"_links":{"self":[{"href":"https:\/\/www.aptitude-informatique.fr\/index.php\/wp-json\/wp\/v2\/pages\/626"}],"collection":[{"href":"https:\/\/www.aptitude-informatique.fr\/index.php\/wp-json\/wp\/v2\/pages"}],"about":[{"href":"https:\/\/www.aptitude-informatique.fr\/index.php\/wp-json\/wp\/v2\/types\/page"}],"author":[{"embeddable":true,"href":"https:\/\/www.aptitude-informatique.fr\/index.php\/wp-json\/wp\/v2\/users\/2"}],"replies":[{"embeddable":true,"href":"https:\/\/www.aptitude-informatique.fr\/index.php\/wp-json\/wp\/v2\/comments?post=626"}],"version-history":[{"count":4,"href":"https:\/\/www.aptitude-informatique.fr\/index.php\/wp-json\/wp\/v2\/pages\/626\/revisions"}],"predecessor-version":[{"id":640,"href":"https:\/\/www.aptitude-informatique.fr\/index.php\/wp-json\/wp\/v2\/pages\/626\/revisions\/640"}],"up":[{"embeddable":true,"href":"https:\/\/www.aptitude-informatique.fr\/index.php\/wp-json\/wp\/v2\/pages\/508"}],"wp:attachment":[{"href":"https:\/\/www.aptitude-informatique.fr\/index.php\/wp-json\/wp\/v2\/media?parent=626"}],"curies":[{"name":"wp","href":"https:\/\/api.w.org\/{rel}","templated":true}]}}