{"id":634,"date":"2021-09-13T13:49:46","date_gmt":"2021-09-13T12:49:46","guid":{"rendered":"https:\/\/www.aptitude-informatique.fr\/?page_id=634"},"modified":"2021-09-22T14:06:59","modified_gmt":"2021-09-22T13:06:59","slug":"initiation-word","status":"publish","type":"page","link":"https:\/\/www.aptitude-informatique.fr\/index.php\/formations\/nos-formations\/initiation-word\/","title":{"rendered":"Initiation WORD"},"content":{"rendered":"<div class=\"colonnes\">\n<div class=\"clearfix\">\n<div class=\"colgauche\">\n<p class=\"boutons\"><a href=\"https:\/\/www.aptitude-informatique.fr\/wp-content\/uploads\/plansite\/Initiation-Word.pdf\" target=\"_blank\" class=\"Team\" rel=\"noopener noreferrer\">Telecharger le PDF<\/a><\/p>\n<p><\/p>\n<div class=\"blg\">\n<h4>Tarifs<\/h4>\n<p>Intra \u00e0 partir de 1400 \u20ac<\/p>\n<\/p><\/div>\n<div class=\"blg\">\n<h4>Public cibl\u00e9<\/h4>\n<p>Tout public<\/p>\n<\/p><\/div>\n<div class=\"blg\">\n<h4>Niveau requis<\/h4>\n<p>Connaissances environnement Windows<\/p>\n<\/p><\/div>\n<div class=\"blg\">\n<h4>Objectifs formation<\/h4>\n<p>D\u00e9couvrir le traitement de texte, cr\u00e9er des courriers, des tableaux.<\/p>\n<\/p><\/div>\n<div class=\"blg\">\n<h4>Moyens p\u00e9dagogiques<\/h4>\n<p>\u2022 Grilles d\u2018\u00e9valuation de niveau.<br \/>\n\t\t\u2022 Formateurs avec une exp\u00e9riences professionnelles et des comp\u00e9tences p\u00e9dagogiques<br \/>\n\t\t\u2022 6 personnes maximum \/ stage<br \/>\n\t\t\u2022 1 ordinateur par personne<br \/>\n\t\t\u2022 Chaque notion est expliqu\u00e9e au tableau et suivie imm\u00e9diatement d\u2019un exercice pratique.<br \/>\n\t\t\u2022 Les exercices \u00e9voluent en difficult\u00e9 au fur et \u00e0 mesure du stage.<br \/>\n\t\t\u2022 Un support de cours sera remis \u00e0 chaque participant en fin de formation.<br \/>\n\t\t\u2022 Assistance t\u00e9l\u00e9phonique gratuite.<\/p>\n<\/p><\/div>\n<div class=\"blg\">\n<h4>Dur\u00e9e de la formation<\/h4>\n<p>De 21h \u00e0 35 heures<\/p>\n<\/p><\/div>\n<div class=\"blg\">\n<h4>Contact<\/h4>\n<h3>APTITUDE INFORMATIQUE<\/h3>\n<p>22 rue du Bignon &#8211; 35000 &#8211; RENNES<\/p>\n<p>02 99 26 31 57<\/p>\n<p>contact@aptitude-informatique.fr<\/p>\n<\/p><\/div>\n<div class=\"blg\">\n<h4>D\u00e9lai d\u2019acceptation<\/h4>\n<p>Mise en place de vos cours d\u00e8s acceptation du financement.<\/p>\n<\/p><\/div>\n<div class=\"blg\">\n<h4>Accessibilit\u00e9 Handicap\u00e9<\/h4>\n<p>Conditions d\u2019accueil et d\u2019acc\u00e8s au public en situation d\u2019 handicap en fonction du lieu d&rsquo;accueil du client.<\/p>\n<\/p><\/div>\n<\/p><\/div>\n<div class=\"coldroite\">\n<h4>D\u00e9couverte et Prise en main<\/h4>\n<p>L\u2019interface de Word<br \/>\n\tLe ruban et ses outils<\/p>\n<h4>Les commandes essentielles<\/h4>\n<p>Saisir \u201cau kilom\u00e8tre\u201d<br \/>\n\tCorriger et supprimer<br \/>\n\tEnregistrer un document<br \/>\n\tS\u00e9lectionner et mettre en forme le texte<br \/>\n\tRetraits et alignements des paragraphes<br \/>\n\tEspacer les paragraphes<br \/>\n\tEncadrer les paragraphes (Bordures et trame)<br \/>\n\tCopier et D\u00e9placer une s\u00e9lection<\/p>\n<h4>La mise en page et Impression<\/h4>\n<p>Marges, Orientation et Taille de la page<br \/>\n\tEn-t\u00eates et pieds de page (notions)<br \/>\n\tImprimer son document (options)<\/p>\n<h4>Les colonnes et Images<\/h4>\n<p>Pr\u00e9sentation en colonnes<br \/>\n\tOptions de colonnes<br \/>\n\tIns\u00e9rer une image<br \/>\n\tRedimensionner et d\u00e9placer l\u2019image<br \/>\n\tLe ruban \u201cOutils d\u2019image\u201d<\/p>\n<h4>Les tabulations<\/h4>\n<p>Pr\u00e9parer et positionner<br \/>\n\tCr\u00e9er les tabulations<br \/>\n\tModifier les tabulations<br \/>\n\tSupprimer les tabulations<\/p>\n<h4>Les tableaux<\/h4>\n<p>Ins\u00e9rer un tableau<br \/>\n\tLes lignes et les colonnes<br \/>\n\tFusionner ou fractionner des cellules<br \/>\n\tAfficher les bordures<br \/>\n\tSaisir dans un tableau<br \/>\n\tPersonnaliser un tableau<\/p>\n<\/div>\n<\/div>\n<\/div>\n","protected":false},"excerpt":{"rendered":"<p>Telecharger le PDF Tarifs Intra \u00e0 partir de 1400 \u20ac Public cibl\u00e9 Tout public Niveau requis Connaissances environnement Windows Objectifs formation D\u00e9couvrir le traitement de texte, cr\u00e9er des courriers, des tableaux. Moyens p\u00e9dagogiques \u2022 Grilles d\u2018\u00e9valuation de niveau. \u2022 Formateurs avec une exp\u00e9riences professionnelles et des comp\u00e9tences p\u00e9dagogiques \u2022 6 personnes maximum \/ stage \u2022<br \/><a class=\"moretag\" href=\"https:\/\/www.aptitude-informatique.fr\/index.php\/formations\/nos-formations\/initiation-word\/\">+ Read More<\/a><\/p>\n","protected":false},"author":2,"featured_media":0,"parent":508,"menu_order":0,"comment_status":"closed","ping_status":"closed","template":"","meta":{"jetpack_post_was_ever_published":false,"footnotes":""},"class_list":["post-634","page","type-page","status-publish","hentry"],"yoast_head":"<!-- This site is optimized with the Yoast SEO plugin v23.4 - https:\/\/yoast.com\/wordpress\/plugins\/seo\/ -->\n<title>Initiation WORD - APTITUDE INFORMATIQUE<\/title>\n<meta name=\"robots\" content=\"noindex, nofollow\" \/>\n<meta property=\"og:locale\" content=\"fr_FR\" \/>\n<meta property=\"og:type\" content=\"article\" \/>\n<meta property=\"og:title\" content=\"Initiation WORD - APTITUDE INFORMATIQUE\" \/>\n<meta property=\"og:description\" content=\"Telecharger le PDF Tarifs Intra \u00e0 partir de 1400 \u20ac Public cibl\u00e9 Tout public Niveau requis Connaissances environnement Windows Objectifs formation D\u00e9couvrir le traitement de texte, cr\u00e9er des courriers, des tableaux. Moyens p\u00e9dagogiques \u2022 Grilles d\u2018\u00e9valuation de niveau. \u2022 Formateurs avec une exp\u00e9riences professionnelles et des comp\u00e9tences p\u00e9dagogiques \u2022 6 personnes maximum \/ stage \u2022+ Read More\" \/>\n<meta property=\"og:url\" content=\"https:\/\/www.aptitude-informatique.fr\/index.php\/formations\/nos-formations\/initiation-word\/\" \/>\n<meta property=\"og:site_name\" content=\"APTITUDE INFORMATIQUE\" \/>\n<meta property=\"article:modified_time\" content=\"2021-09-22T13:06:59+00:00\" \/>\n<meta name=\"twitter:card\" content=\"summary_large_image\" \/>\n<meta name=\"twitter:label1\" content=\"Dur\u00e9e de lecture estim\u00e9e\" \/>\n\t<meta name=\"twitter:data1\" content=\"2 minutes\" \/>\n<script type=\"application\/ld+json\" class=\"yoast-schema-graph\">{\"@context\":\"https:\/\/schema.org\",\"@graph\":[{\"@type\":\"WebPage\",\"@id\":\"https:\/\/www.aptitude-informatique.fr\/index.php\/formations\/nos-formations\/initiation-word\/\",\"url\":\"https:\/\/www.aptitude-informatique.fr\/index.php\/formations\/nos-formations\/initiation-word\/\",\"name\":\"Initiation WORD - APTITUDE INFORMATIQUE\",\"isPartOf\":{\"@id\":\"https:\/\/www.aptitude-informatique.fr\/#website\"},\"datePublished\":\"2021-09-13T12:49:46+00:00\",\"dateModified\":\"2021-09-22T13:06:59+00:00\",\"breadcrumb\":{\"@id\":\"https:\/\/www.aptitude-informatique.fr\/index.php\/formations\/nos-formations\/initiation-word\/#breadcrumb\"},\"inLanguage\":\"fr-FR\",\"potentialAction\":[{\"@type\":\"ReadAction\",\"target\":[\"https:\/\/www.aptitude-informatique.fr\/index.php\/formations\/nos-formations\/initiation-word\/\"]}]},{\"@type\":\"BreadcrumbList\",\"@id\":\"https:\/\/www.aptitude-informatique.fr\/index.php\/formations\/nos-formations\/initiation-word\/#breadcrumb\",\"itemListElement\":[{\"@type\":\"ListItem\",\"position\":1,\"name\":\"Accueil\",\"item\":\"https:\/\/www.aptitude-informatique.fr\/\"},{\"@type\":\"ListItem\",\"position\":2,\"name\":\"Formations\",\"item\":\"https:\/\/www.aptitude-informatique.fr\/index.php\/formations\/\"},{\"@type\":\"ListItem\",\"position\":3,\"name\":\"Nos formations\",\"item\":\"https:\/\/www.aptitude-informatique.fr\/index.php\/formations\/nos-formations\/\"},{\"@type\":\"ListItem\",\"position\":4,\"name\":\"Initiation WORD\"}]},{\"@type\":\"WebSite\",\"@id\":\"https:\/\/www.aptitude-informatique.fr\/#website\",\"url\":\"https:\/\/www.aptitude-informatique.fr\/\",\"name\":\"APTITUDE INFORMATIQUE\",\"description\":\"Conseil - Formation - Cr\u00e9ation\",\"potentialAction\":[{\"@type\":\"SearchAction\",\"target\":{\"@type\":\"EntryPoint\",\"urlTemplate\":\"https:\/\/www.aptitude-informatique.fr\/?s={search_term_string}\"},\"query-input\":{\"@type\":\"PropertyValueSpecification\",\"valueRequired\":true,\"valueName\":\"search_term_string\"}}],\"inLanguage\":\"fr-FR\"}]}<\/script>\n<!-- \/ Yoast SEO plugin. -->","yoast_head_json":{"title":"Initiation WORD - APTITUDE INFORMATIQUE","robots":{"index":"noindex","follow":"nofollow"},"og_locale":"fr_FR","og_type":"article","og_title":"Initiation WORD - APTITUDE INFORMATIQUE","og_description":"Telecharger le PDF Tarifs Intra \u00e0 partir de 1400 \u20ac Public cibl\u00e9 Tout public Niveau requis Connaissances environnement Windows Objectifs formation D\u00e9couvrir le traitement de texte, cr\u00e9er des courriers, des tableaux. Moyens p\u00e9dagogiques \u2022 Grilles d\u2018\u00e9valuation de niveau. \u2022 Formateurs avec une exp\u00e9riences professionnelles et des comp\u00e9tences p\u00e9dagogiques \u2022 6 personnes maximum \/ stage \u2022+ Read More","og_url":"https:\/\/www.aptitude-informatique.fr\/index.php\/formations\/nos-formations\/initiation-word\/","og_site_name":"APTITUDE INFORMATIQUE","article_modified_time":"2021-09-22T13:06:59+00:00","twitter_card":"summary_large_image","twitter_misc":{"Dur\u00e9e de lecture estim\u00e9e":"2 minutes"},"schema":{"@context":"https:\/\/schema.org","@graph":[{"@type":"WebPage","@id":"https:\/\/www.aptitude-informatique.fr\/index.php\/formations\/nos-formations\/initiation-word\/","url":"https:\/\/www.aptitude-informatique.fr\/index.php\/formations\/nos-formations\/initiation-word\/","name":"Initiation WORD - APTITUDE INFORMATIQUE","isPartOf":{"@id":"https:\/\/www.aptitude-informatique.fr\/#website"},"datePublished":"2021-09-13T12:49:46+00:00","dateModified":"2021-09-22T13:06:59+00:00","breadcrumb":{"@id":"https:\/\/www.aptitude-informatique.fr\/index.php\/formations\/nos-formations\/initiation-word\/#breadcrumb"},"inLanguage":"fr-FR","potentialAction":[{"@type":"ReadAction","target":["https:\/\/www.aptitude-informatique.fr\/index.php\/formations\/nos-formations\/initiation-word\/"]}]},{"@type":"BreadcrumbList","@id":"https:\/\/www.aptitude-informatique.fr\/index.php\/formations\/nos-formations\/initiation-word\/#breadcrumb","itemListElement":[{"@type":"ListItem","position":1,"name":"Accueil","item":"https:\/\/www.aptitude-informatique.fr\/"},{"@type":"ListItem","position":2,"name":"Formations","item":"https:\/\/www.aptitude-informatique.fr\/index.php\/formations\/"},{"@type":"ListItem","position":3,"name":"Nos formations","item":"https:\/\/www.aptitude-informatique.fr\/index.php\/formations\/nos-formations\/"},{"@type":"ListItem","position":4,"name":"Initiation WORD"}]},{"@type":"WebSite","@id":"https:\/\/www.aptitude-informatique.fr\/#website","url":"https:\/\/www.aptitude-informatique.fr\/","name":"APTITUDE INFORMATIQUE","description":"Conseil - Formation - Cr\u00e9ation","potentialAction":[{"@type":"SearchAction","target":{"@type":"EntryPoint","urlTemplate":"https:\/\/www.aptitude-informatique.fr\/?s={search_term_string}"},"query-input":{"@type":"PropertyValueSpecification","valueRequired":true,"valueName":"search_term_string"}}],"inLanguage":"fr-FR"}]}},"jetpack_sharing_enabled":true,"jetpack_shortlink":"https:\/\/wp.me\/P7ibsz-ae","jetpack-related-posts":[],"_links":{"self":[{"href":"https:\/\/www.aptitude-informatique.fr\/index.php\/wp-json\/wp\/v2\/pages\/634"}],"collection":[{"href":"https:\/\/www.aptitude-informatique.fr\/index.php\/wp-json\/wp\/v2\/pages"}],"about":[{"href":"https:\/\/www.aptitude-informatique.fr\/index.php\/wp-json\/wp\/v2\/types\/page"}],"author":[{"embeddable":true,"href":"https:\/\/www.aptitude-informatique.fr\/index.php\/wp-json\/wp\/v2\/users\/2"}],"replies":[{"embeddable":true,"href":"https:\/\/www.aptitude-informatique.fr\/index.php\/wp-json\/wp\/v2\/comments?post=634"}],"version-history":[{"count":3,"href":"https:\/\/www.aptitude-informatique.fr\/index.php\/wp-json\/wp\/v2\/pages\/634\/revisions"}],"predecessor-version":[{"id":639,"href":"https:\/\/www.aptitude-informatique.fr\/index.php\/wp-json\/wp\/v2\/pages\/634\/revisions\/639"}],"up":[{"embeddable":true,"href":"https:\/\/www.aptitude-informatique.fr\/index.php\/wp-json\/wp\/v2\/pages\/508"}],"wp:attachment":[{"href":"https:\/\/www.aptitude-informatique.fr\/index.php\/wp-json\/wp\/v2\/media?parent=634"}],"curies":[{"name":"wp","href":"https:\/\/api.w.org\/{rel}","templated":true}]}}