{"id":734,"date":"2021-09-30T11:32:23","date_gmt":"2021-09-30T10:32:23","guid":{"rendered":"https:\/\/www.aptitude-informatique.fr\/?page_id=734"},"modified":"2026-02-25T10:57:54","modified_gmt":"2026-02-25T09:57:54","slug":"evaluations","status":"publish","type":"page","link":"https:\/\/www.aptitude-informatique.fr\/index.php\/formations\/evaluations\/","title":{"rendered":"\u00e9valuations"},"content":{"rendered":"<div id=\"fondsite2\">\n<table class=\"form\">\n<thead>\n<tr>\n<td>\n<h2 class=\"form\">Nos \u00e9valuation clients<\/h2>\n<\/td>\n<\/tr>\n<\/thead>\n<tbody>\n<tr>\n<td>\n<h4 class=\"form\">Nous vous formons sur site, dans votre environement sur votre mat\u00e9riel.<\/h4>\n<\/td>\n<\/tr>\n<\/tbody>\n<\/table>\n<div id=\"fondsite2\">\n<h3 style=\"text-align: center;\">Comment avez vous connu Aptitude Informatique<\/h3>\n<p style=\"text-align: center;\"><img data-recalc-dims=\"1\" loading=\"lazy\" decoding=\"async\" data-attachment-id=\"904\" data-permalink=\"https:\/\/www.aptitude-informatique.fr\/index.php\/formations\/evaluations\/evalaptitudeg1-2\/\" data-orig-file=\"https:\/\/i0.wp.com\/www.aptitude-informatique.fr\/wp-content\/uploads\/2026\/02\/evalaptitudeG1.jpg?fit=415%2C109&amp;ssl=1\" data-orig-size=\"415,109\" data-comments-opened=\"0\" data-image-meta=\"{&quot;aperture&quot;:&quot;0&quot;,&quot;credit&quot;:&quot;&quot;,&quot;camera&quot;:&quot;&quot;,&quot;caption&quot;:&quot;&quot;,&quot;created_timestamp&quot;:&quot;0&quot;,&quot;copyright&quot;:&quot;&quot;,&quot;focal_length&quot;:&quot;0&quot;,&quot;iso&quot;:&quot;0&quot;,&quot;shutter_speed&quot;:&quot;0&quot;,&quot;title&quot;:&quot;&quot;,&quot;orientation&quot;:&quot;0&quot;}\" data-image-title=\"evalaptitudeG1\" data-image-description=\"\" data-image-caption=\"\" data-medium-file=\"https:\/\/i0.wp.com\/www.aptitude-informatique.fr\/wp-content\/uploads\/2026\/02\/evalaptitudeG1.jpg?fit=300%2C79&amp;ssl=1\" data-large-file=\"https:\/\/i0.wp.com\/www.aptitude-informatique.fr\/wp-content\/uploads\/2026\/02\/evalaptitudeG1.jpg?fit=415%2C109&amp;ssl=1\" tabindex=\"0\" role=\"button\" class=\"alignnone  wp-image-904\" src=\"https:\/\/i0.wp.com\/www.aptitude-informatique.fr\/wp-content\/uploads\/2026\/02\/evalaptitudeG1.jpg?resize=510%2C134&#038;ssl=1\" alt=\"\" width=\"510\" height=\"134\" srcset=\"https:\/\/i0.wp.com\/www.aptitude-informatique.fr\/wp-content\/uploads\/2026\/02\/evalaptitudeG1.jpg?w=415&amp;ssl=1 415w, https:\/\/i0.wp.com\/www.aptitude-informatique.fr\/wp-content\/uploads\/2026\/02\/evalaptitudeG1.jpg?resize=300%2C79&amp;ssl=1 300w\" sizes=\"(max-width: 510px) 100vw, 510px\" \/><\/p>\n<h3 style=\"text-align: center;\">Votre \u00e9valuation de la formation<\/h3>\n<p style=\"text-align: center;\"><img data-recalc-dims=\"1\" loading=\"lazy\" decoding=\"async\" data-attachment-id=\"848\" data-permalink=\"https:\/\/www.aptitude-informatique.fr\/index.php\/formations\/evaluations\/evalaptitudeg2\/\" data-orig-file=\"https:\/\/i0.wp.com\/www.aptitude-informatique.fr\/wp-content\/uploads\/2024\/04\/evalaptitudeG2.jpg?fit=820%2C463&amp;ssl=1\" data-orig-size=\"820,463\" data-comments-opened=\"0\" data-image-meta=\"{&quot;aperture&quot;:&quot;0&quot;,&quot;credit&quot;:&quot;&quot;,&quot;camera&quot;:&quot;&quot;,&quot;caption&quot;:&quot;&quot;,&quot;created_timestamp&quot;:&quot;0&quot;,&quot;copyright&quot;:&quot;&quot;,&quot;focal_length&quot;:&quot;0&quot;,&quot;iso&quot;:&quot;0&quot;,&quot;shutter_speed&quot;:&quot;0&quot;,&quot;title&quot;:&quot;&quot;,&quot;orientation&quot;:&quot;0&quot;}\" data-image-title=\"evalaptitudeG2\" data-image-description=\"\" data-image-caption=\"\" data-medium-file=\"https:\/\/i0.wp.com\/www.aptitude-informatique.fr\/wp-content\/uploads\/2024\/04\/evalaptitudeG2.jpg?fit=300%2C169&amp;ssl=1\" data-large-file=\"https:\/\/i0.wp.com\/www.aptitude-informatique.fr\/wp-content\/uploads\/2024\/04\/evalaptitudeG2.jpg?fit=820%2C463&amp;ssl=1\" tabindex=\"0\" role=\"button\" class=\"alignnone size-full wp-image-848\" src=\"https:\/\/i0.wp.com\/www.aptitude-informatique.fr\/wp-content\/uploads\/2024\/04\/evalaptitudeG2.jpg?resize=820%2C463&#038;ssl=1\" alt=\"\" width=\"820\" height=\"463\" srcset=\"https:\/\/i0.wp.com\/www.aptitude-informatique.fr\/wp-content\/uploads\/2024\/04\/evalaptitudeG2.jpg?w=820&amp;ssl=1 820w, https:\/\/i0.wp.com\/www.aptitude-informatique.fr\/wp-content\/uploads\/2024\/04\/evalaptitudeG2.jpg?resize=300%2C169&amp;ssl=1 300w, https:\/\/i0.wp.com\/www.aptitude-informatique.fr\/wp-content\/uploads\/2024\/04\/evalaptitudeG2.jpg?resize=768%2C434&amp;ssl=1 768w\" sizes=\"(max-width: 820px) 100vw, 820px\" \/><\/p>\n<h3 style=\"text-align: center;\">La qualit\u00e9 globale de la formation<\/h3>\n<\/div>\n<p style=\"text-align: center;\"><img data-recalc-dims=\"1\" loading=\"lazy\" decoding=\"async\" data-attachment-id=\"849\" data-permalink=\"https:\/\/www.aptitude-informatique.fr\/index.php\/formations\/evaluations\/evalaptitudeg3\/\" data-orig-file=\"https:\/\/i0.wp.com\/www.aptitude-informatique.fr\/wp-content\/uploads\/2024\/04\/evalaptitudeG3.jpg?fit=705%2C257&amp;ssl=1\" data-orig-size=\"705,257\" data-comments-opened=\"0\" data-image-meta=\"{&quot;aperture&quot;:&quot;0&quot;,&quot;credit&quot;:&quot;&quot;,&quot;camera&quot;:&quot;&quot;,&quot;caption&quot;:&quot;&quot;,&quot;created_timestamp&quot;:&quot;0&quot;,&quot;copyright&quot;:&quot;&quot;,&quot;focal_length&quot;:&quot;0&quot;,&quot;iso&quot;:&quot;0&quot;,&quot;shutter_speed&quot;:&quot;0&quot;,&quot;title&quot;:&quot;&quot;,&quot;orientation&quot;:&quot;0&quot;}\" data-image-title=\"evalaptitudeG3\" data-image-description=\"\" data-image-caption=\"\" data-medium-file=\"https:\/\/i0.wp.com\/www.aptitude-informatique.fr\/wp-content\/uploads\/2024\/04\/evalaptitudeG3.jpg?fit=300%2C109&amp;ssl=1\" data-large-file=\"https:\/\/i0.wp.com\/www.aptitude-informatique.fr\/wp-content\/uploads\/2024\/04\/evalaptitudeG3.jpg?fit=705%2C257&amp;ssl=1\" tabindex=\"0\" role=\"button\" class=\"alignnone size-full wp-image-849\" src=\"https:\/\/i0.wp.com\/www.aptitude-informatique.fr\/wp-content\/uploads\/2024\/04\/evalaptitudeG3.jpg?resize=705%2C257&#038;ssl=1\" alt=\"\" width=\"705\" height=\"257\" srcset=\"https:\/\/i0.wp.com\/www.aptitude-informatique.fr\/wp-content\/uploads\/2024\/04\/evalaptitudeG3.jpg?w=705&amp;ssl=1 705w, https:\/\/i0.wp.com\/www.aptitude-informatique.fr\/wp-content\/uploads\/2024\/04\/evalaptitudeG3.jpg?resize=300%2C109&amp;ssl=1 300w\" sizes=\"(max-width: 705px) 100vw, 705px\" \/><\/p>\n<h3 style=\"text-align: center;\">Votre intervenant<\/h3>\n<p style=\"text-align: center;\">\n<p><img data-recalc-dims=\"1\" loading=\"lazy\" decoding=\"async\" data-attachment-id=\"906\" data-permalink=\"https:\/\/www.aptitude-informatique.fr\/index.php\/formations\/evaluations\/evalaptitudeg4-1-2\/\" data-orig-file=\"https:\/\/i0.wp.com\/www.aptitude-informatique.fr\/wp-content\/uploads\/2026\/02\/evalaptitudeG4-1.jpg?fit=426%2C114&amp;ssl=1\" data-orig-size=\"426,114\" data-comments-opened=\"0\" data-image-meta=\"{&quot;aperture&quot;:&quot;0&quot;,&quot;credit&quot;:&quot;&quot;,&quot;camera&quot;:&quot;&quot;,&quot;caption&quot;:&quot;&quot;,&quot;created_timestamp&quot;:&quot;0&quot;,&quot;copyright&quot;:&quot;&quot;,&quot;focal_length&quot;:&quot;0&quot;,&quot;iso&quot;:&quot;0&quot;,&quot;shutter_speed&quot;:&quot;0&quot;,&quot;title&quot;:&quot;&quot;,&quot;orientation&quot;:&quot;0&quot;}\" data-image-title=\"evalaptitudeG4-1\" data-image-description=\"\" data-image-caption=\"\" data-medium-file=\"https:\/\/i0.wp.com\/www.aptitude-informatique.fr\/wp-content\/uploads\/2026\/02\/evalaptitudeG4-1.jpg?fit=300%2C80&amp;ssl=1\" data-large-file=\"https:\/\/i0.wp.com\/www.aptitude-informatique.fr\/wp-content\/uploads\/2026\/02\/evalaptitudeG4-1.jpg?fit=426%2C114&amp;ssl=1\" tabindex=\"0\" role=\"button\" class=\"alignnone  wp-image-906 aligncenter\" src=\"https:\/\/i0.wp.com\/www.aptitude-informatique.fr\/wp-content\/uploads\/2026\/02\/evalaptitudeG4-1.jpg?resize=452%2C121&#038;ssl=1\" alt=\"\" width=\"452\" height=\"121\" srcset=\"https:\/\/i0.wp.com\/www.aptitude-informatique.fr\/wp-content\/uploads\/2026\/02\/evalaptitudeG4-1.jpg?w=426&amp;ssl=1 426w, https:\/\/i0.wp.com\/www.aptitude-informatique.fr\/wp-content\/uploads\/2026\/02\/evalaptitudeG4-1.jpg?resize=300%2C80&amp;ssl=1 300w\" sizes=\"(max-width: 452px) 100vw, 452px\" \/><\/p>\n<h3 style=\"text-align: center;\">Pour quelle(s) raison(s) avez-vous suivi cette formation ?<\/h3>\n<p style=\"text-align: center;\"><img data-recalc-dims=\"1\" loading=\"lazy\" decoding=\"async\" data-attachment-id=\"851\" data-permalink=\"https:\/\/www.aptitude-informatique.fr\/index.php\/formations\/evaluations\/evalaptitudeg5\/\" data-orig-file=\"https:\/\/i0.wp.com\/www.aptitude-informatique.fr\/wp-content\/uploads\/2024\/04\/evalaptitudeG5.jpg?fit=800%2C266&amp;ssl=1\" data-orig-size=\"800,266\" data-comments-opened=\"0\" data-image-meta=\"{&quot;aperture&quot;:&quot;0&quot;,&quot;credit&quot;:&quot;&quot;,&quot;camera&quot;:&quot;&quot;,&quot;caption&quot;:&quot;&quot;,&quot;created_timestamp&quot;:&quot;0&quot;,&quot;copyright&quot;:&quot;&quot;,&quot;focal_length&quot;:&quot;0&quot;,&quot;iso&quot;:&quot;0&quot;,&quot;shutter_speed&quot;:&quot;0&quot;,&quot;title&quot;:&quot;&quot;,&quot;orientation&quot;:&quot;0&quot;}\" data-image-title=\"evalaptitudeG5\" data-image-description=\"\" data-image-caption=\"\" data-medium-file=\"https:\/\/i0.wp.com\/www.aptitude-informatique.fr\/wp-content\/uploads\/2024\/04\/evalaptitudeG5.jpg?fit=300%2C100&amp;ssl=1\" data-large-file=\"https:\/\/i0.wp.com\/www.aptitude-informatique.fr\/wp-content\/uploads\/2024\/04\/evalaptitudeG5.jpg?fit=800%2C266&amp;ssl=1\" tabindex=\"0\" role=\"button\" class=\"alignnone size-full wp-image-851\" src=\"https:\/\/i0.wp.com\/www.aptitude-informatique.fr\/wp-content\/uploads\/2024\/04\/evalaptitudeG5.jpg?resize=800%2C266&#038;ssl=1\" alt=\"\" width=\"800\" height=\"266\" srcset=\"https:\/\/i0.wp.com\/www.aptitude-informatique.fr\/wp-content\/uploads\/2024\/04\/evalaptitudeG5.jpg?w=800&amp;ssl=1 800w, https:\/\/i0.wp.com\/www.aptitude-informatique.fr\/wp-content\/uploads\/2024\/04\/evalaptitudeG5.jpg?resize=300%2C100&amp;ssl=1 300w, https:\/\/i0.wp.com\/www.aptitude-informatique.fr\/wp-content\/uploads\/2024\/04\/evalaptitudeG5.jpg?resize=768%2C255&amp;ssl=1 768w\" sizes=\"(max-width: 800px) 100vw, 800px\" \/><\/p>\n<h3 style=\"text-align: center;\">Votre satisfaction<\/h3>\n<p><img data-recalc-dims=\"1\" loading=\"lazy\" decoding=\"async\" data-attachment-id=\"852\" data-permalink=\"https:\/\/www.aptitude-informatique.fr\/index.php\/formations\/evaluations\/evalaptitudeg6\/\" data-orig-file=\"https:\/\/i0.wp.com\/www.aptitude-informatique.fr\/wp-content\/uploads\/2024\/04\/evalaptitudeG6.jpg?fit=803%2C270&amp;ssl=1\" data-orig-size=\"803,270\" data-comments-opened=\"0\" data-image-meta=\"{&quot;aperture&quot;:&quot;0&quot;,&quot;credit&quot;:&quot;&quot;,&quot;camera&quot;:&quot;&quot;,&quot;caption&quot;:&quot;&quot;,&quot;created_timestamp&quot;:&quot;0&quot;,&quot;copyright&quot;:&quot;&quot;,&quot;focal_length&quot;:&quot;0&quot;,&quot;iso&quot;:&quot;0&quot;,&quot;shutter_speed&quot;:&quot;0&quot;,&quot;title&quot;:&quot;&quot;,&quot;orientation&quot;:&quot;0&quot;}\" data-image-title=\"evalaptitudeG6\" data-image-description=\"\" data-image-caption=\"\" data-medium-file=\"https:\/\/i0.wp.com\/www.aptitude-informatique.fr\/wp-content\/uploads\/2024\/04\/evalaptitudeG6.jpg?fit=300%2C101&amp;ssl=1\" data-large-file=\"https:\/\/i0.wp.com\/www.aptitude-informatique.fr\/wp-content\/uploads\/2024\/04\/evalaptitudeG6.jpg?fit=803%2C270&amp;ssl=1\" tabindex=\"0\" role=\"button\" class=\"size-full wp-image-852 aligncenter\" src=\"https:\/\/i0.wp.com\/www.aptitude-informatique.fr\/wp-content\/uploads\/2024\/04\/evalaptitudeG6.jpg?resize=803%2C270&#038;ssl=1\" alt=\"\" width=\"803\" height=\"270\" srcset=\"https:\/\/i0.wp.com\/www.aptitude-informatique.fr\/wp-content\/uploads\/2024\/04\/evalaptitudeG6.jpg?w=803&amp;ssl=1 803w, https:\/\/i0.wp.com\/www.aptitude-informatique.fr\/wp-content\/uploads\/2024\/04\/evalaptitudeG6.jpg?resize=300%2C101&amp;ssl=1 300w, https:\/\/i0.wp.com\/www.aptitude-informatique.fr\/wp-content\/uploads\/2024\/04\/evalaptitudeG6.jpg?resize=768%2C258&amp;ssl=1 768w\" sizes=\"(max-width: 803px) 100vw, 803px\" \/><\/p>\n<\/div>\n<p>&nbsp;<\/p>\n<div id=\"fondsite2\">\n<p>Modifi\u00e9 le : 12\/07\/2024<\/p>\n<\/div>\n","protected":false},"excerpt":{"rendered":"<p>Nos \u00e9valuation clients Nous vous formons sur site, dans votre environement sur votre mat\u00e9riel. Comment avez vous connu Aptitude Informatique Votre \u00e9valuation de la formation La qualit\u00e9 globale de la formation Votre intervenant Pour quelle(s) raison(s) avez-vous suivi cette formation ? Votre satisfaction &nbsp; Modifi\u00e9 le : 12\/07\/2024<\/p>\n","protected":false},"author":2,"featured_media":0,"parent":496,"menu_order":0,"comment_status":"closed","ping_status":"closed","template":"","meta":{"jetpack_post_was_ever_published":false,"footnotes":""},"class_list":["post-734","page","type-page","status-publish","hentry"],"yoast_head":"<!-- This site is optimized with the Yoast SEO plugin v23.4 - https:\/\/yoast.com\/wordpress\/plugins\/seo\/ -->\n<title>\u00e9valuations - APTITUDE INFORMATIQUE<\/title>\n<meta name=\"robots\" content=\"noindex, nofollow\" \/>\n<meta property=\"og:locale\" content=\"fr_FR\" \/>\n<meta property=\"og:type\" content=\"article\" \/>\n<meta property=\"og:title\" content=\"\u00e9valuations - APTITUDE INFORMATIQUE\" \/>\n<meta property=\"og:description\" content=\"Nos \u00e9valuation clients Nous vous formons sur site, dans votre environement sur votre mat\u00e9riel. Comment avez vous connu Aptitude Informatique Votre \u00e9valuation de la formation La qualit\u00e9 globale de la formation Votre intervenant Pour quelle(s) raison(s) avez-vous suivi cette formation ? Votre satisfaction &nbsp; Modifi\u00e9 le : 12\/07\/2024\" \/>\n<meta property=\"og:url\" content=\"https:\/\/www.aptitude-informatique.fr\/index.php\/formations\/evaluations\/\" \/>\n<meta property=\"og:site_name\" content=\"APTITUDE INFORMATIQUE\" \/>\n<meta property=\"article:modified_time\" content=\"2026-02-25T09:57:54+00:00\" \/>\n<meta property=\"og:image\" content=\"https:\/\/www.aptitude-informatique.fr\/wp-content\/uploads\/2026\/02\/evalaptitudeG1.jpg\" \/>\n<meta name=\"twitter:card\" content=\"summary_large_image\" \/>\n<meta name=\"twitter:label1\" content=\"Dur\u00e9e de lecture estim\u00e9e\" \/>\n\t<meta name=\"twitter:data1\" content=\"2 minutes\" \/>\n<script type=\"application\/ld+json\" class=\"yoast-schema-graph\">{\"@context\":\"https:\/\/schema.org\",\"@graph\":[{\"@type\":\"WebPage\",\"@id\":\"https:\/\/www.aptitude-informatique.fr\/index.php\/formations\/evaluations\/\",\"url\":\"https:\/\/www.aptitude-informatique.fr\/index.php\/formations\/evaluations\/\",\"name\":\"\u00e9valuations - APTITUDE INFORMATIQUE\",\"isPartOf\":{\"@id\":\"https:\/\/www.aptitude-informatique.fr\/#website\"},\"primaryImageOfPage\":{\"@id\":\"https:\/\/www.aptitude-informatique.fr\/index.php\/formations\/evaluations\/#primaryimage\"},\"image\":{\"@id\":\"https:\/\/www.aptitude-informatique.fr\/index.php\/formations\/evaluations\/#primaryimage\"},\"thumbnailUrl\":\"https:\/\/www.aptitude-informatique.fr\/wp-content\/uploads\/2026\/02\/evalaptitudeG1.jpg\",\"datePublished\":\"2021-09-30T10:32:23+00:00\",\"dateModified\":\"2026-02-25T09:57:54+00:00\",\"breadcrumb\":{\"@id\":\"https:\/\/www.aptitude-informatique.fr\/index.php\/formations\/evaluations\/#breadcrumb\"},\"inLanguage\":\"fr-FR\",\"potentialAction\":[{\"@type\":\"ReadAction\",\"target\":[\"https:\/\/www.aptitude-informatique.fr\/index.php\/formations\/evaluations\/\"]}]},{\"@type\":\"ImageObject\",\"inLanguage\":\"fr-FR\",\"@id\":\"https:\/\/www.aptitude-informatique.fr\/index.php\/formations\/evaluations\/#primaryimage\",\"url\":\"https:\/\/i0.wp.com\/www.aptitude-informatique.fr\/wp-content\/uploads\/2026\/02\/evalaptitudeG1.jpg?fit=415%2C109&ssl=1\",\"contentUrl\":\"https:\/\/i0.wp.com\/www.aptitude-informatique.fr\/wp-content\/uploads\/2026\/02\/evalaptitudeG1.jpg?fit=415%2C109&ssl=1\",\"width\":415,\"height\":109},{\"@type\":\"BreadcrumbList\",\"@id\":\"https:\/\/www.aptitude-informatique.fr\/index.php\/formations\/evaluations\/#breadcrumb\",\"itemListElement\":[{\"@type\":\"ListItem\",\"position\":1,\"name\":\"Accueil\",\"item\":\"https:\/\/www.aptitude-informatique.fr\/\"},{\"@type\":\"ListItem\",\"position\":2,\"name\":\"Formations\",\"item\":\"https:\/\/www.aptitude-informatique.fr\/index.php\/formations\/\"},{\"@type\":\"ListItem\",\"position\":3,\"name\":\"\u00e9valuations\"}]},{\"@type\":\"WebSite\",\"@id\":\"https:\/\/www.aptitude-informatique.fr\/#website\",\"url\":\"https:\/\/www.aptitude-informatique.fr\/\",\"name\":\"APTITUDE INFORMATIQUE\",\"description\":\"Conseil - Formation - Cr\u00e9ation\",\"potentialAction\":[{\"@type\":\"SearchAction\",\"target\":{\"@type\":\"EntryPoint\",\"urlTemplate\":\"https:\/\/www.aptitude-informatique.fr\/?s={search_term_string}\"},\"query-input\":{\"@type\":\"PropertyValueSpecification\",\"valueRequired\":true,\"valueName\":\"search_term_string\"}}],\"inLanguage\":\"fr-FR\"}]}<\/script>\n<!-- \/ Yoast SEO plugin. -->","yoast_head_json":{"title":"\u00e9valuations - APTITUDE INFORMATIQUE","robots":{"index":"noindex","follow":"nofollow"},"og_locale":"fr_FR","og_type":"article","og_title":"\u00e9valuations - APTITUDE INFORMATIQUE","og_description":"Nos \u00e9valuation clients Nous vous formons sur site, dans votre environement sur votre mat\u00e9riel. Comment avez vous connu Aptitude Informatique Votre \u00e9valuation de la formation La qualit\u00e9 globale de la formation Votre intervenant Pour quelle(s) raison(s) avez-vous suivi cette formation ? Votre satisfaction &nbsp; Modifi\u00e9 le : 12\/07\/2024","og_url":"https:\/\/www.aptitude-informatique.fr\/index.php\/formations\/evaluations\/","og_site_name":"APTITUDE INFORMATIQUE","article_modified_time":"2026-02-25T09:57:54+00:00","og_image":[{"url":"https:\/\/www.aptitude-informatique.fr\/wp-content\/uploads\/2026\/02\/evalaptitudeG1.jpg"}],"twitter_card":"summary_large_image","twitter_misc":{"Dur\u00e9e de lecture estim\u00e9e":"2 minutes"},"schema":{"@context":"https:\/\/schema.org","@graph":[{"@type":"WebPage","@id":"https:\/\/www.aptitude-informatique.fr\/index.php\/formations\/evaluations\/","url":"https:\/\/www.aptitude-informatique.fr\/index.php\/formations\/evaluations\/","name":"\u00e9valuations - APTITUDE INFORMATIQUE","isPartOf":{"@id":"https:\/\/www.aptitude-informatique.fr\/#website"},"primaryImageOfPage":{"@id":"https:\/\/www.aptitude-informatique.fr\/index.php\/formations\/evaluations\/#primaryimage"},"image":{"@id":"https:\/\/www.aptitude-informatique.fr\/index.php\/formations\/evaluations\/#primaryimage"},"thumbnailUrl":"https:\/\/www.aptitude-informatique.fr\/wp-content\/uploads\/2026\/02\/evalaptitudeG1.jpg","datePublished":"2021-09-30T10:32:23+00:00","dateModified":"2026-02-25T09:57:54+00:00","breadcrumb":{"@id":"https:\/\/www.aptitude-informatique.fr\/index.php\/formations\/evaluations\/#breadcrumb"},"inLanguage":"fr-FR","potentialAction":[{"@type":"ReadAction","target":["https:\/\/www.aptitude-informatique.fr\/index.php\/formations\/evaluations\/"]}]},{"@type":"ImageObject","inLanguage":"fr-FR","@id":"https:\/\/www.aptitude-informatique.fr\/index.php\/formations\/evaluations\/#primaryimage","url":"https:\/\/i0.wp.com\/www.aptitude-informatique.fr\/wp-content\/uploads\/2026\/02\/evalaptitudeG1.jpg?fit=415%2C109&ssl=1","contentUrl":"https:\/\/i0.wp.com\/www.aptitude-informatique.fr\/wp-content\/uploads\/2026\/02\/evalaptitudeG1.jpg?fit=415%2C109&ssl=1","width":415,"height":109},{"@type":"BreadcrumbList","@id":"https:\/\/www.aptitude-informatique.fr\/index.php\/formations\/evaluations\/#breadcrumb","itemListElement":[{"@type":"ListItem","position":1,"name":"Accueil","item":"https:\/\/www.aptitude-informatique.fr\/"},{"@type":"ListItem","position":2,"name":"Formations","item":"https:\/\/www.aptitude-informatique.fr\/index.php\/formations\/"},{"@type":"ListItem","position":3,"name":"\u00e9valuations"}]},{"@type":"WebSite","@id":"https:\/\/www.aptitude-informatique.fr\/#website","url":"https:\/\/www.aptitude-informatique.fr\/","name":"APTITUDE INFORMATIQUE","description":"Conseil - Formation - Cr\u00e9ation","potentialAction":[{"@type":"SearchAction","target":{"@type":"EntryPoint","urlTemplate":"https:\/\/www.aptitude-informatique.fr\/?s={search_term_string}"},"query-input":{"@type":"PropertyValueSpecification","valueRequired":true,"valueName":"search_term_string"}}],"inLanguage":"fr-FR"}]}},"jetpack_sharing_enabled":true,"jetpack_shortlink":"https:\/\/wp.me\/P7ibsz-bQ","jetpack-related-posts":[],"_links":{"self":[{"href":"https:\/\/www.aptitude-informatique.fr\/index.php\/wp-json\/wp\/v2\/pages\/734"}],"collection":[{"href":"https:\/\/www.aptitude-informatique.fr\/index.php\/wp-json\/wp\/v2\/pages"}],"about":[{"href":"https:\/\/www.aptitude-informatique.fr\/index.php\/wp-json\/wp\/v2\/types\/page"}],"author":[{"embeddable":true,"href":"https:\/\/www.aptitude-informatique.fr\/index.php\/wp-json\/wp\/v2\/users\/2"}],"replies":[{"embeddable":true,"href":"https:\/\/www.aptitude-informatique.fr\/index.php\/wp-json\/wp\/v2\/comments?post=734"}],"version-history":[{"count":16,"href":"https:\/\/www.aptitude-informatique.fr\/index.php\/wp-json\/wp\/v2\/pages\/734\/revisions"}],"predecessor-version":[{"id":907,"href":"https:\/\/www.aptitude-informatique.fr\/index.php\/wp-json\/wp\/v2\/pages\/734\/revisions\/907"}],"up":[{"embeddable":true,"href":"https:\/\/www.aptitude-informatique.fr\/index.php\/wp-json\/wp\/v2\/pages\/496"}],"wp:attachment":[{"href":"https:\/\/www.aptitude-informatique.fr\/index.php\/wp-json\/wp\/v2\/media?parent=734"}],"curies":[{"name":"wp","href":"https:\/\/api.w.org\/{rel}","templated":true}]}}