{"id":753,"date":"2021-10-05T11:27:59","date_gmt":"2021-10-05T10:27:59","guid":{"rendered":"https:\/\/www.aptitude-informatique.fr\/?page_id=753"},"modified":"2021-10-11T13:55:54","modified_gmt":"2021-10-11T12:55:54","slug":"reglement-interieur-aptitude-informatique","status":"publish","type":"page","link":"https:\/\/www.aptitude-informatique.fr\/index.php\/reglement-interieur-aptitude-informatique\/","title":{"rendered":"r\u00e9glement-interieur-Aptitude-informatique"},"content":{"rendered":"<div id=\"fondsite\">\n<table class=\"form\">\n<thead>\n<tr>\n<td>\n<h2 class=\"form\">Aptitude Informatique<\/h2>\n<\/td>\n<\/tr>\n<\/thead>\n<tbody>\n<tr>\n<td>\n<h4 class=\"form\">r\u00e9glement interieur<\/h4>\n<\/td>\n<\/tr>\n<\/tbody>\n<\/table>\n<p>Le pr\u00e9sent R\u00e8glement Int\u00e9rieur est actualis\u00e9 en fonction de l\u2019\u00e9volution de la l\u00e9gislation, et notamment des dispositions du D\u00e9cret 2019-1143 du 07 novembre 2019 relatif aux dispositions sp\u00e9cifiques applicables aux centres de formation d\u2019apprentis et aux obligations des organismes prestataires d\u2019actions de d\u00e9veloppement des comp\u00e9tences.<br \/>\nIl ob\u00e9it aux dispositions des articles L.6352-3 et 5 et R.6352-1 \u00e0 15 du Code du Travail. Les sanctions p\u00e9nales sont expos\u00e9es en articles L.6355-8 et 9 du Code du Travail.<br \/>\nCe R\u00e8glement Int\u00e9rieur est disponible et consultable par tout stagiaire avant son entr\u00e9e en formation. Un exemplaire du pr\u00e9sent r\u00e8glement est affich\u00e9 de fa\u00e7on permanente dans le point de pause d\u2019Aptitude Informatique et sur le site internet de l\u2019organisme de formation : https:\/\/www.aptitude-informatique.fr\/reglement-interieur-Aptitude-informatique\/<br \/>\nLe r\u00e8glement int\u00e9rieur est \u00e9tabli dans tous les organismes de formation, y compris dans ceux qui accueillent les stagiaires dans des locaux mis \u00e0 leur disposition. Lorsque l\u2019organisme comporte plusieurs \u00e9tablissements le r\u00e8glement int\u00e9rieur peut faire l\u2019objet des adaptations n\u00e9cessaires, notamment en mati\u00e8re de sant\u00e9 et de s\u00e9curit\u00e9 au travail. Lorsque la formation se d\u00e9roule dans une entreprise ou un \u00e9tablissement d\u00e9j\u00e0 dot\u00e9 d\u2019un r\u00e8glement int\u00e9rieur, les mesures de sant\u00e9 et de s\u00e9curit\u00e9 applicables aux stagiaires sont celles de ce dernier r\u00e8glement.<\/p>\n<h3>PR\u00c9AMBULE<\/h3>\n<h4>Article 1 \u2013 Objet et champ d\u2019application du r\u00e8glement<\/h4>\n<p>Le pr\u00e9sent r\u00e8glement s\u2019applique \u00e0 toutes les personnes participantes \u00e0 une action de formation organis\u00e9e par l\u2019organisme.  Un exemplaire est remis \u00e0 chaque stagiaire.<br \/>\nLe r\u00e8glement d\u00e9finit les r\u00e8gles d\u2019hygi\u00e8ne et de s\u00e9curit\u00e9, les r\u00e8gles g\u00e9n\u00e9rales et permanentes relatives \u00e0 la discipline ainsi que la nature et l\u2019\u00e9chelle des sanctions pouvant \u00eatre prises vis-\u00e0-vis des stagiaires qui y contreviennent et les garanties proc\u00e9durales applicables lorsqu\u2019une sanction est envisag\u00e9e.<br \/>\nToute personne doit respecter les termes du pr\u00e9sent r\u00e8glement durant toute la dur\u00e9e de l\u2019action de formation.<\/p>\n<h4>Article 2 \u2013 Informations demand\u00e9es au stagiaire<\/h4>\n<p>Selon les dispositions de l\u2019article L6353.9 du Code du Travail, modifi\u00e9 par la Loi 2018-771 du 05 septembre 2018.<br \/>\nLes informations demand\u00e9es, sous quelque forme que ce soit, par un organisme de formation au candidat \u00e0 une action telle que d\u00e9finie \u00e0 l\u2019article L6313-1 du Code du Travail, \u00e0 un stagiaire ne peuvent avoir comme finalit\u00e9 que d\u2019appr\u00e9cier son aptitude \u00e0 suivre l\u2019action de formation, qu\u2019elle soit sollicit\u00e9e, propos\u00e9e ou poursuivie. Ces informations doivent pr\u00e9senter un lien direct et n\u00e9cessaire avec l\u2019action de formation, et il doit y \u00eatre r\u00e9pondu de bonne foi.<\/p>\n<h3>ECTION 1 : R\u00c8GLES D\u2019HYGI\u00c8NE ET DE S\u00c9CURIT\u00c9<\/h3>\n<h4>Article 3 \u2013 Principes g\u00e9n\u00e9raux<\/h4>\n<p>La pr\u00e9vention des risques d\u2019accidents et de maladies est imp\u00e9rative et exige de chacun le respect :<br \/>\n\u2013 des prescriptions applicables en mati\u00e8re d\u2019hygi\u00e8ne et de s\u00e9curit\u00e9 sur les lieux de formation ;<br \/>\n\u2013 de toute consigne impos\u00e9e soit par la Direction de l\u2019organisme de formation soit par le constructeur ou le formateur s\u2019agissant notamment de l\u2019usage des mat\u00e9riels mis \u00e0 disposition.<br \/>\nChaque stagiaire doit ainsi veiller \u00e0 sa s\u00e9curit\u00e9 personnelle et \u00e0 celle des autres en respectant, en fonction de sa formation, les consignes g\u00e9n\u00e9rales et particuli\u00e8res en mati\u00e8re d\u2019hygi\u00e8ne et de s\u00e9curit\u00e9.<br \/>\nS\u2019il constate un dysfonctionnement du syst\u00e8me de s\u00e9curit\u00e9, il en avertit imm\u00e9diatement la Direction de l\u2019organisme de formation.<br \/>\nLe non-respect de ces consignes expose la personne \u00e0 des sanctions disciplinaires.<\/p>\n<h4>Article 4 \u2013 Consignes d\u2019incendie<\/h4>\n<p>Conform\u00e9ment aux articles R. 4227-28 et suivants du Code du travail, les consignes d\u2019incendie et notamment un plan de localisation des extincteurs et des issues de secours sont affich\u00e9s dans les locaux de l\u2019organisme de formation.<br \/>\nLe stagiaire doit en prendre connaissance.<br \/>\nEn cas d\u2019alerte, le stagiaire doit cesser toute activit\u00e9 de formation et suivre dans le calme les instructions du repr\u00e9sentant habilit\u00e9 de l\u2019organisme de formation ou des services de secours.<br \/>\nTout stagiaire t\u00e9moin d\u2019un d\u00e9but d\u2019incendie doit imm\u00e9diatement appeler les secours en composant le 18 \u00e0 partir d\u2019un t\u00e9l\u00e9phone fixe ou le 112 \u00e0 partir d\u2019un t\u00e9l\u00e9phone portable et alerter un repr\u00e9sentant de l\u2019organisme de formation.<\/p>\n<h4>Article 5 \u2013 Boissons alcoolis\u00e9es et drogues<\/h4>\n<p>L\u2019introduction ou la consommation de drogue ou de boissons alcoolis\u00e9es dans les locaux est formellement interdite. Il est interdit aux stagiaires de p\u00e9n\u00e9trer ou de s\u00e9journer en \u00e9tat d\u2019ivresse ou sous l\u2019emprise de drogue dans l\u2019organisme de formation.<br \/>\nLes stagiaires auront acc\u00e8s lors des pauses aux postes de distribution de boissons non alcoolis\u00e9es.<\/p>\n<h4>Article 6 \u2013 Interdiction de fumer<\/h4>\n<p>Conform\u00e9ment au d\u00e9cret n\u00b02006-1386 du 15 novembre 2006, il est formellement interdit de fumer dans tous les lieux ferm\u00e9s et couverts qui accueillent du public ou qui constituent des lieux de travail. Cette interdiction s\u2019applique notamment aux salles de cours o\u00f9 se d\u00e9roulent les formations comme dans tous les locaux o\u00f9 figure cette interdiction.<\/p>\n<h4>Article 7 \u2013 Interdiction de prendre ses repas dans les salles de formation<\/h4>\n<p>Il est interdit de prendre ses repas dans les salles de formation ou dans la cuisine qui est r\u00e9serv\u00e9e au personnel salari\u00e9 d\u2019Aptitude Informatique.<br \/>\nIl est interdit de prendre ses repas dans les espaces communs (hall d\u2019accueil, couloirs, paliers\u2026.)<\/p>\n<h4>Article 8 \u2013 Accident<\/h4>\n<p>Le stagiaire victime d\u2019un accident \u2013 survenu pendant la formation ou pendant le temps de trajet entre le lieu de formation et son domicile ou son lieu de travail \u2013 ou le t\u00e9moin de cet accident avertit imm\u00e9diatement la Direction de l\u2019organisme de formation.<br \/>\nConform\u00e9ment \u00e0 l\u2019article R. 6342-3 du Code du travail, le responsable de l\u2019organisme de formation entreprend les d\u00e9marches appropri\u00e9es en mati\u00e8re de soins et r\u00e9alise la d\u00e9claration aupr\u00e8s de la caisse de s\u00e9curit\u00e9 sociale comp\u00e9tente.<\/p>\n<h3>SECTION 2 : DISCIPLINE G\u00c9N\u00c9RALE<\/h3>\n<h4>Article 9 \u2013 Formalisme attach\u00e9 au suivi de la formation<\/h4>\n<p>Les stagiaires sont tenus de suivre toutes les s\u00e9quences programm\u00e9es par le prestataire de formation, avec assiduit\u00e9 et ponctualit\u00e9, et sans interruption. Des feuilles de pr\u00e9sence sont \u00e9marg\u00e9es par les stagiaires, par demi-journ\u00e9es, et contresign\u00e9es par l\u2019intervenant.<br \/>\nA l\u2019issue de l\u2019action de formation, le stagiaire se voit remettre une attestation de fin de formation et une attestation de pr\u00e9sence au stage \u00e0 transmettre, selon le cas, \u00e0 son employeur\/administration ou \u00e0 l\u2019organisme qui finance l\u2019action.<\/p>\n<h4>Article 10 \u2013 Horaires de formation<\/h4>\n<p>Les stagiaires doivent se conformer aux horaires fix\u00e9s et communiqu\u00e9s au pr\u00e9alable par l\u2019organisme de formation. Le non-respect de ces horaires peut entra\u00eener des sanctions.<br \/>\nSauf circonstances exceptionnelles, les stagiaires ne peuvent s\u2019absenter pendant les heures de stage.<br \/>\nLes locaux d\u2019Aptitude Informatique sont ouverts :<br \/>\n    de 8h30 \u00e0 19h30<br \/>\nEn dehors de ces plages horaires, la porte d\u2019acc\u00e8s est automatiquement bloqu\u00e9e et il est n\u00e9cessaire de signaler sa pr\u00e9sence \u00e0 la porte (interphone).<\/p>\n<h4>Article 11 \u2013 Absences, retards ou d\u00e9parts anticip\u00e9s<\/h4>\n<p>Toute absence pr\u00e9visible du stagiaire, qu\u2019il soit \u00e9galement ou non le client, et ce quelle qu\u2019en soit la cause, doit \u00eatre annonc\u00e9e et d\u00e9clar\u00e9e par \u00e9crit, sur feuille libre ou par mail. Selon le contexte, les dispositions des Conditions G\u00e9n\u00e9rales de Vente de l\u2019organisme de formation, de la Convention ou du Contrat de Formation, du devis, et plus g\u00e9n\u00e9ralement de l\u2019article L6354-1 s\u2019appliqueront.<br \/>\nArticle L6354-1 : En cas d\u2019inex\u00e9cution totale ou partielle d\u2019une prestation de formation, l\u2019organisme prestataire rembourse au cocontractant les sommes ind\u00fbment per\u00e7ues de ce fait. En cas de d\u00e9dit du stagiaire et\/ou du client, il peut y avoir facturation s\u00e9par\u00e9e d\u2019un d\u00e9dommagement.<br \/>\nToute absence est subordonn\u00e9e \u00e0 l\u2019autorisation \u00e9crite du responsable de l\u2019\u00e9tablissement ou de ses repr\u00e9sentants.<br \/>\nEn cas de maladie, le stagiaire doit pr\u00e9venir l\u2019\u00e9tablissement d\u00e8s la premi\u00e8re demi-journ\u00e9e d\u2019absence. Un certificat m\u00e9dical doit \u00eatre pr\u00e9sent\u00e9 dans les 48 heures.<br \/>\nEn cas d\u2019accident de travail ou de trajet, les circonstances doivent \u00eatre communiqu\u00e9es par \u00e9crit dans les 48 heures.<br \/>\nL\u2019organisme de formation informe imm\u00e9diatement le financeur (employeur, administration,\u2026) de cet \u00e9v\u00e9nement.<br \/>\nTout \u00e9v\u00e8nement non justifi\u00e9 par des circonstances particuli\u00e8res constitue une faute passible de sanctions disciplinaires.<\/p>\n<h4>Article 12 \u2013 Acc\u00e8s aux locaux <\/h4>\n<p>Sauf autorisation expresse de la Direction de l\u2019organisme de formation, le stagiaire ne peut :<br \/>\n\u2013 entrer ou demeurer dans les locaux \u00e0 d\u2019autres fins que la formation ;<br \/>\n\u2013 y introduire, faire introduire ou faciliter l\u2019introduction de personnes \u00e9trang\u00e8res \u00e0 l\u2019organisme ;<br \/>\n\u2013 proc\u00e9der, dans ces derniers, \u00e0 la vente de biens ou de services.<\/p>\n<h4>Article 13 \u2013 Comportement<\/h4>\n<p>Les stagiaires s\u2019engagent \u00e0 observer les comportements en usage dans toute collectivit\u00e9 ainsi que les r\u00e8gles fix\u00e9es par le formateur.<br \/>\nIls s\u2019engagent \u00e0 respecter le devoir de r\u00e9serve et de discr\u00e9tion permettant la libre expression du groupe.<br \/>\nIls s\u2019imposent un maximum de correction et de courtoisie entre eux et vis \u00e0 vis des personnels qu\u2019ils sont appel\u00e9s \u00e0 c\u00f4toyer.<br \/>\nIl est formellement interdit aux stagiaires :<br \/>\n\u2022\tde prendre ses repas dans les salles de cours ou dans la cuisine qui est r\u00e9serv\u00e9e au personnel salari\u00e9 d\u2019Aptitude Informatique,<br \/>\n\u2022\td\u2019avoir des communications t\u00e9l\u00e9phoniques en dehors des temps de pause,<br \/>\n\u2022\tde retirer les informations affich\u00e9es sur les panneaux pr\u00e9vus \u00e0 cet effet.<\/p>\n<h4>Article 14 \u2013 Utilisation du mat\u00e9riel<\/h4>\n<p>Sauf autorisation particuli\u00e8re de la Direction de l\u2019organisme de formation, l\u2019usage du mat\u00e9riel de formation se fait sur les lieux de formation et est exclusivement r\u00e9serv\u00e9 \u00e0 l\u2019activit\u00e9 de formation. L\u2019utilisation du mat\u00e9riel \u00e0 des fins personnelles est interdite.<br \/>\nLe stagiaire est tenu de conserver en bon \u00e9tat le mat\u00e9riel qui lui est confi\u00e9 pour la formation. Il doit en faire un usage conforme \u00e0 son objet et selon les r\u00e8gles d\u00e9livr\u00e9es par le formateur.<br \/>\nLe stagiaire signale imm\u00e9diatement au formateur toute anomalie du mat\u00e9riel.<\/p>\n<h3>SECTION 3 : DISCIPLINE \u2013 SANCTIONS \u2013 PROC\u00c9DURE<\/h3>\n<p>Selon les dispositions des articles R. 6352-4 \u00e0 R.6352-8 du Code Travail, dont certains sont modifi\u00e9s par D\u00e9cret 2019-1143 du 07\/11\/19.<br \/>\n(Art. R6352.3, modifi\u00e9)<br \/>\nConstitue une sanction toute mesure, autre que les observations verbales, prise par le directeur de l\u2019organisme de formation ou son repr\u00e9sentant, \u00e0 la suite d\u2019un agissement du stagiaire consid\u00e9r\u00e9 par lui comme fautif, que cette mesure soit de nature \u00e0 affecter imm\u00e9diatement ou non la pr\u00e9sence de l\u2019int\u00e9ress\u00e9 dans la formation ou \u00e0 mettre en cause la continuit\u00e9 de la formation qu\u2019il re\u00e7oit.<br \/>\nLes amendes ou autres sanctions p\u00e9cuniaires sont interdites.<br \/>\n(Art. R6352.4, modifi\u00e9)<br \/>\nAucune sanction ne peut \u00eatre inflig\u00e9e au stagiaire sans que celui-ci ait \u00e9t\u00e9 inform\u00e9 au pr\u00e9alable des griefs retenus contre lui.<br \/>\n(Art. R6352.5, modifi\u00e9)<br \/>\nLorsque le directeur de l\u2019organisme de formation ou son repr\u00e9sentant envisage de prendre une sanction qui a une incidence, imm\u00e9diate ou non, sur la pr\u00e9sence d\u2019un stagiaire dans une formation, il est proc\u00e9d\u00e9 comme suit :<br \/>\n\u2022\tLe directeur ou son repr\u00e9sentant convoque le stagiaire en lui indiquant l\u2019objet de cette convocation. Celle-ci pr\u00e9cise la date, l\u2019heure et le lieu de l\u2019entretien. Elle est \u00e9crite et est adress\u00e9e par lettre recommand\u00e9e ou remise \u00e0 l\u2019int\u00e9ress\u00e9 contre d\u00e9charge.<br \/>\n\u2022\tAu cours de l\u2019entretien, le stagiaire peut se faire assister par la personne de son choix.<br \/>\n\u2022\tLe directeur ou son repr\u00e9sentant indique le motif de la sanction envisag\u00e9e et recueille les explications du stagiaire.<br \/>\n\u2022\tL\u2019employeur du stagiaire est inform\u00e9 de cette proc\u00e9dure, de son objet et du motif de la sanction envisag\u00e9e.<br \/>\n(Art. R6352.6, modifi\u00e9)<br \/>\nLa sanction ne peut intervenir moins d\u2019un jour franc ni plus de quinze jours apr\u00e8s l\u2019entretien.<br \/>\nElle fait l\u2019objet d\u2019une d\u00e9cision \u00e9crite et motiv\u00e9e, notifi\u00e9e au stagiaire ou \u00e0 l\u2019apprenti par lettre recommand\u00e9e ou remise contre r\u00e9c\u00e9piss\u00e9.<br \/>\n(Art. R6352.7)<br \/>\nLorsque l\u2019agissement a rendu indispensable une mesure conservatoire d\u2019exclusion temporaire \u00e0 effet imm\u00e9diat, aucune sanction d\u00e9finitive, relative \u00e0 cet agissement, ne peut \u00eatre prise sans que la proc\u00e9dure pr\u00e9vue \u00e0 l\u2019article R.6352.4 et, \u00e9ventuellement, aux articles R6352.5 et R6352.6, ait \u00e9t\u00e9 observ\u00e9e.<br \/>\n(Art. R6352.8, modifi\u00e9)<br \/>\nLe directeur de l\u2019organisme de formation informe l\u2019employeur et l\u2019organisme financeur de la sanction prise :<br \/>\n\u2013 rappel \u00e0 l\u2019ordre ;<br \/>\n\u2013 avertissement \u00e9crit par le Directeur de l\u2019organisme de formation ou par son repr\u00e9sentant ;<br \/>\n\u2013 bl\u00e2me ;<br \/>\n\u2013 exclusion temporaire de la formation ;<br \/>\n\u2013 exclusion d\u00e9finitive de la formation.<\/p>\n<h3>SECTION 4 : PROC\u00c9DURE DE R\u00c9CLAMATION<\/h3>\n<p>Les diff\u00e9rentes parties prenantes \u00e0 l\u2019action de formation (clients, b\u00e9n\u00e9ficiaires, formateurs) ont la possibilit\u00e9 \u00e0 tout moment de faire une r\u00e9clamation relative aux offres et prestations de formations de l\u2019organisme de formation Aptitude Informatique ou de faire remonter aupr\u00e8s du m\u00eame organisme tout incident ou dysfonctionnement constat\u00e9 lors de la r\u00e9alisation de la prestation.<br \/>\nDans le cadre de la proc\u00e9dure de gestion des \u00e9v\u00e9nements ind\u00e9sirables de l\u2019organisme de formation ; les parties prenantes peuvent formuler leur r\u00e9clamation :<br \/>\n\u2022\toralement par t\u00e9l\u00e9phone ou en face-\u00e0-face aupr\u00e8s du responsable en charge de la formation (dans les deux cas, la r\u00e9clamation sera enregistr\u00e9e dans un formulaire de d\u00e9claration d\u2019un \u00e9v\u00e8nement ind\u00e9sirable).<br \/>\n\u2022\tou par courrier postal adress\u00e9 \u00e0 :<br \/>\nPatrice HAMEL, Yann LE GOC ou Armel HUERRE, directeur de l\u2019organisme de formation APTITUDE INFORMATIQUE \u2013 22 rue du Bignon \u2013 35000 RENNES<br \/>\n\u2022\tou par courrier \u00e9lectronique \u00e0 : contact@aptitude-informatique.fr<br \/>\nChaque r\u00e9clamation sera \u00e9tudi\u00e9e et une r\u00e9ponse sera apport\u00e9e au d\u00e9clarant dans les meilleurs d\u00e9lais.<br \/>\nFait \u00e0 Paris  le 05 Octobre 2021<br \/>\nYann LE GOC, Patrice HAMEL, Armel HUERRE<br \/>\nDirecteurs de l\u2019organisme de formation.<\/p>\n<\/div>\n<div id=\"date\">Page mise \u00e0 jour le 11\/10\/2021<\/div>\n","protected":false},"excerpt":{"rendered":"<p>Aptitude Informatique r\u00e9glement interieur Le pr\u00e9sent R\u00e8glement Int\u00e9rieur est actualis\u00e9 en fonction de l\u2019\u00e9volution de la l\u00e9gislation, et notamment des dispositions du D\u00e9cret 2019-1143 du 07 novembre 2019 relatif aux dispositions sp\u00e9cifiques applicables aux centres de formation d\u2019apprentis et aux obligations des organismes prestataires d\u2019actions de d\u00e9veloppement des comp\u00e9tences. Il ob\u00e9it aux dispositions des articles<br \/><a class=\"moretag\" href=\"https:\/\/www.aptitude-informatique.fr\/index.php\/reglement-interieur-aptitude-informatique\/\">+ Read More<\/a><\/p>\n","protected":false},"author":2,"featured_media":0,"parent":0,"menu_order":0,"comment_status":"closed","ping_status":"closed","template":"","meta":{"jetpack_post_was_ever_published":false,"footnotes":""},"class_list":["post-753","page","type-page","status-publish","hentry"],"yoast_head":"<!-- This site is optimized with the Yoast SEO plugin v23.4 - https:\/\/yoast.com\/wordpress\/plugins\/seo\/ -->\n<title>r\u00e9glement-interieur-Aptitude-informatique - APTITUDE INFORMATIQUE<\/title>\n<meta name=\"robots\" content=\"noindex, nofollow\" \/>\n<meta property=\"og:locale\" content=\"fr_FR\" \/>\n<meta property=\"og:type\" content=\"article\" \/>\n<meta property=\"og:title\" content=\"r\u00e9glement-interieur-Aptitude-informatique - APTITUDE INFORMATIQUE\" \/>\n<meta property=\"og:description\" content=\"Aptitude Informatique r\u00e9glement interieur Le pr\u00e9sent R\u00e8glement Int\u00e9rieur est actualis\u00e9 en fonction de l\u2019\u00e9volution de la l\u00e9gislation, et notamment des dispositions du D\u00e9cret 2019-1143 du 07 novembre 2019 relatif aux dispositions sp\u00e9cifiques applicables aux centres de formation d\u2019apprentis et aux obligations des organismes prestataires d\u2019actions de d\u00e9veloppement des comp\u00e9tences. Il ob\u00e9it aux dispositions des articles+ Read More\" \/>\n<meta property=\"og:url\" content=\"https:\/\/www.aptitude-informatique.fr\/index.php\/reglement-interieur-aptitude-informatique\/\" \/>\n<meta property=\"og:site_name\" content=\"APTITUDE INFORMATIQUE\" \/>\n<meta property=\"article:modified_time\" content=\"2021-10-11T12:55:54+00:00\" \/>\n<meta name=\"twitter:card\" content=\"summary_large_image\" \/>\n<meta name=\"twitter:label1\" content=\"Dur\u00e9e de lecture estim\u00e9e\" \/>\n\t<meta name=\"twitter:data1\" content=\"12 minutes\" \/>\n<script type=\"application\/ld+json\" class=\"yoast-schema-graph\">{\"@context\":\"https:\/\/schema.org\",\"@graph\":[{\"@type\":\"WebPage\",\"@id\":\"https:\/\/www.aptitude-informatique.fr\/index.php\/reglement-interieur-aptitude-informatique\/\",\"url\":\"https:\/\/www.aptitude-informatique.fr\/index.php\/reglement-interieur-aptitude-informatique\/\",\"name\":\"r\u00e9glement-interieur-Aptitude-informatique - APTITUDE INFORMATIQUE\",\"isPartOf\":{\"@id\":\"https:\/\/www.aptitude-informatique.fr\/#website\"},\"datePublished\":\"2021-10-05T10:27:59+00:00\",\"dateModified\":\"2021-10-11T12:55:54+00:00\",\"breadcrumb\":{\"@id\":\"https:\/\/www.aptitude-informatique.fr\/index.php\/reglement-interieur-aptitude-informatique\/#breadcrumb\"},\"inLanguage\":\"fr-FR\",\"potentialAction\":[{\"@type\":\"ReadAction\",\"target\":[\"https:\/\/www.aptitude-informatique.fr\/index.php\/reglement-interieur-aptitude-informatique\/\"]}]},{\"@type\":\"BreadcrumbList\",\"@id\":\"https:\/\/www.aptitude-informatique.fr\/index.php\/reglement-interieur-aptitude-informatique\/#breadcrumb\",\"itemListElement\":[{\"@type\":\"ListItem\",\"position\":1,\"name\":\"Accueil\",\"item\":\"https:\/\/www.aptitude-informatique.fr\/\"},{\"@type\":\"ListItem\",\"position\":2,\"name\":\"r\u00e9glement-interieur-Aptitude-informatique\"}]},{\"@type\":\"WebSite\",\"@id\":\"https:\/\/www.aptitude-informatique.fr\/#website\",\"url\":\"https:\/\/www.aptitude-informatique.fr\/\",\"name\":\"APTITUDE INFORMATIQUE\",\"description\":\"Conseil - Formation - Cr\u00e9ation\",\"potentialAction\":[{\"@type\":\"SearchAction\",\"target\":{\"@type\":\"EntryPoint\",\"urlTemplate\":\"https:\/\/www.aptitude-informatique.fr\/?s={search_term_string}\"},\"query-input\":{\"@type\":\"PropertyValueSpecification\",\"valueRequired\":true,\"valueName\":\"search_term_string\"}}],\"inLanguage\":\"fr-FR\"}]}<\/script>\n<!-- \/ Yoast SEO plugin. -->","yoast_head_json":{"title":"r\u00e9glement-interieur-Aptitude-informatique - APTITUDE INFORMATIQUE","robots":{"index":"noindex","follow":"nofollow"},"og_locale":"fr_FR","og_type":"article","og_title":"r\u00e9glement-interieur-Aptitude-informatique - APTITUDE INFORMATIQUE","og_description":"Aptitude Informatique r\u00e9glement interieur Le pr\u00e9sent R\u00e8glement Int\u00e9rieur est actualis\u00e9 en fonction de l\u2019\u00e9volution de la l\u00e9gislation, et notamment des dispositions du D\u00e9cret 2019-1143 du 07 novembre 2019 relatif aux dispositions sp\u00e9cifiques applicables aux centres de formation d\u2019apprentis et aux obligations des organismes prestataires d\u2019actions de d\u00e9veloppement des comp\u00e9tences. Il ob\u00e9it aux dispositions des articles+ Read More","og_url":"https:\/\/www.aptitude-informatique.fr\/index.php\/reglement-interieur-aptitude-informatique\/","og_site_name":"APTITUDE INFORMATIQUE","article_modified_time":"2021-10-11T12:55:54+00:00","twitter_card":"summary_large_image","twitter_misc":{"Dur\u00e9e de lecture estim\u00e9e":"12 minutes"},"schema":{"@context":"https:\/\/schema.org","@graph":[{"@type":"WebPage","@id":"https:\/\/www.aptitude-informatique.fr\/index.php\/reglement-interieur-aptitude-informatique\/","url":"https:\/\/www.aptitude-informatique.fr\/index.php\/reglement-interieur-aptitude-informatique\/","name":"r\u00e9glement-interieur-Aptitude-informatique - APTITUDE INFORMATIQUE","isPartOf":{"@id":"https:\/\/www.aptitude-informatique.fr\/#website"},"datePublished":"2021-10-05T10:27:59+00:00","dateModified":"2021-10-11T12:55:54+00:00","breadcrumb":{"@id":"https:\/\/www.aptitude-informatique.fr\/index.php\/reglement-interieur-aptitude-informatique\/#breadcrumb"},"inLanguage":"fr-FR","potentialAction":[{"@type":"ReadAction","target":["https:\/\/www.aptitude-informatique.fr\/index.php\/reglement-interieur-aptitude-informatique\/"]}]},{"@type":"BreadcrumbList","@id":"https:\/\/www.aptitude-informatique.fr\/index.php\/reglement-interieur-aptitude-informatique\/#breadcrumb","itemListElement":[{"@type":"ListItem","position":1,"name":"Accueil","item":"https:\/\/www.aptitude-informatique.fr\/"},{"@type":"ListItem","position":2,"name":"r\u00e9glement-interieur-Aptitude-informatique"}]},{"@type":"WebSite","@id":"https:\/\/www.aptitude-informatique.fr\/#website","url":"https:\/\/www.aptitude-informatique.fr\/","name":"APTITUDE INFORMATIQUE","description":"Conseil - Formation - Cr\u00e9ation","potentialAction":[{"@type":"SearchAction","target":{"@type":"EntryPoint","urlTemplate":"https:\/\/www.aptitude-informatique.fr\/?s={search_term_string}"},"query-input":{"@type":"PropertyValueSpecification","valueRequired":true,"valueName":"search_term_string"}}],"inLanguage":"fr-FR"}]}},"jetpack_sharing_enabled":true,"jetpack_shortlink":"https:\/\/wp.me\/P7ibsz-c9","jetpack-related-posts":[],"_links":{"self":[{"href":"https:\/\/www.aptitude-informatique.fr\/index.php\/wp-json\/wp\/v2\/pages\/753"}],"collection":[{"href":"https:\/\/www.aptitude-informatique.fr\/index.php\/wp-json\/wp\/v2\/pages"}],"about":[{"href":"https:\/\/www.aptitude-informatique.fr\/index.php\/wp-json\/wp\/v2\/types\/page"}],"author":[{"embeddable":true,"href":"https:\/\/www.aptitude-informatique.fr\/index.php\/wp-json\/wp\/v2\/users\/2"}],"replies":[{"embeddable":true,"href":"https:\/\/www.aptitude-informatique.fr\/index.php\/wp-json\/wp\/v2\/comments?post=753"}],"version-history":[{"count":4,"href":"https:\/\/www.aptitude-informatique.fr\/index.php\/wp-json\/wp\/v2\/pages\/753\/revisions"}],"predecessor-version":[{"id":759,"href":"https:\/\/www.aptitude-informatique.fr\/index.php\/wp-json\/wp\/v2\/pages\/753\/revisions\/759"}],"wp:attachment":[{"href":"https:\/\/www.aptitude-informatique.fr\/index.php\/wp-json\/wp\/v2\/media?parent=753"}],"curies":[{"name":"wp","href":"https:\/\/api.w.org\/{rel}","templated":true}]}}